{"id":1029,"date":"2025-03-05T22:38:26","date_gmt":"2025-03-05T22:38:26","guid":{"rendered":"https:\/\/test.addabra.com\/opensignal\/?page_id=1029"},"modified":"2025-03-05T23:18:41","modified_gmt":"2025-03-05T23:18:41","slug":"paciente-enfermera","status":"publish","type":"page","link":"https:\/\/test.addabra.com\/opensignal\/index.php\/paciente-enfermera\/","title":{"rendered":"Paciente enfermera"},"content":{"rendered":"\t\t<div data-elementor-type=\"wp-page\" data-elementor-id=\"1029\" class=\"elementor elementor-1029\">\n\t\t\t\t\t\t<section class=\"elementor-section elementor-top-section elementor-element elementor-element-501b9848 elementor-section-boxed elementor-section-height-default elementor-section-height-default\" data-id=\"501b9848\" data-element_type=\"section\" data-settings=\"{&quot;background_background&quot;:&quot;classic&quot;,&quot;shape_divider_bottom&quot;:&quot;tilt&quot;}\">\n\t\t\t\t\t\t\t<div class=\"elementor-background-overlay\"><\/div>\n\t\t\t\t\t\t<div class=\"elementor-shape elementor-shape-bottom\" data-negative=\"false\">\n\t\t\t<svg xmlns=\"http:\/\/www.w3.org\/2000\/svg\" viewBox=\"0 0 1000 100\" preserveAspectRatio=\"none\">\n\t<path class=\"elementor-shape-fill\" d=\"M0,6V0h1000v100L0,6z\"\/>\n<\/svg>\t\t<\/div>\n\t\t\t\t\t<div class=\"elementor-container elementor-column-gap-no\">\n\t\t\t\t\t<div class=\"elementor-column elementor-col-100 elementor-top-column elementor-element elementor-element-2d00a181\" data-id=\"2d00a181\" data-element_type=\"column\">\n\t\t\t<div class=\"elementor-widget-wrap elementor-element-populated\">\n\t\t\t\t\t\t<div class=\"elementor-element elementor-element-384f1a5 elementor-widget elementor-widget-heading\" data-id=\"384f1a5\" data-element_type=\"widget\" data-widget_type=\"heading.default\">\n\t\t\t\t<div class=\"elementor-widget-container\">\n\t\t\t\t\t<h2 class=\"elementor-heading-title elementor-size-default\">Paciente enfermera<\/h2>\t\t\t\t<\/div>\n\t\t\t\t<\/div>\n\t\t\t\t<div class=\"elementor-element elementor-element-1d952e3f elementor-widget__width-auto elementor-widget-mobile__width-inherit elementor-widget elementor-widget-jkit_button\" data-id=\"1d952e3f\" data-element_type=\"widget\" data-widget_type=\"jkit_button.default\">\n\t\t\t\t<div class=\"elementor-widget-container\">\n\t\t\t\t\t<div  class=\"jeg-elementor-kit jkit-button  icon-position-before jeg_module___69e10c27eb8af\" ><a href=\"\" class=\"jkit-button-wrapper\"><i aria-hidden=\"true\" class=\"jki jki-phone-line\"><\/i>Reservar una llamada<\/a><\/div>\t\t\t\t<\/div>\n\t\t\t\t<\/div>\n\t\t\t\t<div class=\"elementor-element elementor-element-469e7c8c elementor-widget__width-auto elementor-widget-mobile__width-inherit elementor-widget elementor-widget-jkit_button\" data-id=\"469e7c8c\" data-element_type=\"widget\" data-widget_type=\"jkit_button.default\">\n\t\t\t\t<div class=\"elementor-widget-container\">\n\t\t\t\t\t<div  class=\"jeg-elementor-kit jkit-button  icon-position-before jeg_module__1_69e10c27ec06e\" ><a href=\"https:\/\/test.addabra.com\/opensignal\/index.php\/contacto\/\" class=\"jkit-button-wrapper\"><i aria-hidden=\"true\" class=\"jki jki-envelope1-light\"><\/i>Quiero m\u00e1s informaci\u00f3n<\/a><\/div>\t\t\t\t<\/div>\n\t\t\t\t<\/div>\n\t\t\t\t\t<\/div>\n\t\t<\/div>\n\t\t\t\t\t<\/div>\n\t\t<\/section>\n\t\t<div class=\"elementor-element elementor-element-56edae70 e-flex e-con-boxed e-con e-parent\" data-id=\"56edae70\" data-element_type=\"container\">\n\t\t\t\t\t<div class=\"e-con-inner\">\n\t\t<div class=\"elementor-element elementor-element-36de361 e-con-full e-flex e-con e-child\" data-id=\"36de361\" data-element_type=\"container\">\n\t\t\t\t<div class=\"elementor-element elementor-element-63c7388c elementor-widget elementor-widget-heading\" data-id=\"63c7388c\" data-element_type=\"widget\" data-widget_type=\"heading.default\">\n\t\t\t\t<div class=\"elementor-widget-container\">\n\t\t\t\t\t<h5 class=\"elementor-heading-title elementor-size-default\">Acerca del servicio<\/h5>\t\t\t\t<\/div>\n\t\t\t\t<\/div>\n\t\t\t\t<div class=\"elementor-element elementor-element-31eae4b4 elementor-widget elementor-widget-text-editor\" data-id=\"31eae4b4\" data-element_type=\"widget\" data-widget_type=\"text-editor.default\">\n\t\t\t\t<div class=\"elementor-widget-container\">\n\t\t\t\t\t\t\t\t\t<p>Nuestros dise\u00f1os en sistema paciente-enfermera optimizan la atenci\u00f3n m\u00e9dica, brindando comunicaci\u00f3n eficiente, monitoreo en tiempo real y cuidado personalizado para una mejor salud. A trav\u00e9s de tecnolog\u00eda avanzada, facilitamos la interacci\u00f3n inmediata entre pacientes y personal de salud, permitiendo respuestas r\u00e1pidas ante cualquier necesidad. Adem\u00e1s, nuestro sistema ofrece alarmas inteligentes, registro de eventos, geolocalizaci\u00f3n y reportes automatizados, mejorando la gesti\u00f3n del cuidado y la seguridad del paciente. Con una interfaz intuitiva y adaptable, garantizamos un servicio \u00e1gil, confiable y de calidad en hospitales, cl\u00ednicas y atenci\u00f3n domiciliaria.<\/p>\t\t\t\t\t\t\t\t<\/div>\n\t\t\t\t<\/div>\n\t\t\t\t<div class=\"elementor-element elementor-element-41b6ed15 elementor-widget elementor-widget-heading\" data-id=\"41b6ed15\" data-element_type=\"widget\" data-widget_type=\"heading.default\">\n\t\t\t\t<div class=\"elementor-widget-container\">\n\t\t\t\t\t<h5 class=\"elementor-heading-title elementor-size-default\">Marcas que distribuimos:<\/h5>\t\t\t\t<\/div>\n\t\t\t\t<\/div>\n\t\t<div class=\"elementor-element elementor-element-67012f1a e-con-full e-flex e-con e-child\" data-id=\"67012f1a\" data-element_type=\"container\">\n\t\t\t\t<div class=\"elementor-element elementor-element-18e96d4c elementor-widget__width-initial elementor-widget elementor-widget-image\" data-id=\"18e96d4c\" data-element_type=\"widget\" data-widget_type=\"image.default\">\n\t\t\t\t<div class=\"elementor-widget-container\">\n\t\t\t\t\t\t\t\t\t\t\t\t\t\t\t<img fetchpriority=\"high\" decoding=\"async\" width=\"555\" height=\"256\" src=\"https:\/\/test.addabra.com\/opensignal\/wp-content\/uploads\/2025\/03\/alcalad.png\" class=\"attachment-full size-full wp-image-1042\" alt=\"\" srcset=\"https:\/\/test.addabra.com\/opensignal\/wp-content\/uploads\/2025\/03\/alcalad.png 555w, https:\/\/test.addabra.com\/opensignal\/wp-content\/uploads\/2025\/03\/alcalad-300x138.png 300w\" sizes=\"(max-width: 555px) 100vw, 555px\" \/>\t\t\t\t\t\t\t\t\t\t\t\t\t\t\t<\/div>\n\t\t\t\t<\/div>\n\t\t\t\t<div class=\"elementor-element elementor-element-1b1f7ae0 elementor-widget__width-initial elementor-widget elementor-widget-image\" data-id=\"1b1f7ae0\" data-element_type=\"widget\" data-widget_type=\"image.default\">\n\t\t\t\t<div class=\"elementor-widget-container\">\n\t\t\t\t\t\t\t\t\t\t\t\t\t\t\t<img decoding=\"async\" width=\"558\" height=\"256\" src=\"https:\/\/test.addabra.com\/opensignal\/wp-content\/uploads\/2025\/03\/commax.png\" class=\"attachment-full size-full wp-image-1044\" alt=\"\" srcset=\"https:\/\/test.addabra.com\/opensignal\/wp-content\/uploads\/2025\/03\/commax.png 558w, https:\/\/test.addabra.com\/opensignal\/wp-content\/uploads\/2025\/03\/commax-300x138.png 300w\" sizes=\"(max-width: 558px) 100vw, 558px\" \/>\t\t\t\t\t\t\t\t\t\t\t\t\t\t\t<\/div>\n\t\t\t\t<\/div>\n\t\t\t\t<div class=\"elementor-element elementor-element-26a98a1a elementor-widget__width-initial elementor-widget elementor-widget-image\" data-id=\"26a98a1a\" data-element_type=\"widget\" data-widget_type=\"image.default\">\n\t\t\t\t<div class=\"elementor-widget-container\">\n\t\t\t\t\t\t\t\t\t\t\t\t\t\t\t<img decoding=\"async\" width=\"559\" height=\"256\" src=\"https:\/\/test.addabra.com\/opensignal\/wp-content\/uploads\/2025\/03\/ibernex.png\" class=\"attachment-full size-full wp-image-1052\" alt=\"\" srcset=\"https:\/\/test.addabra.com\/opensignal\/wp-content\/uploads\/2025\/03\/ibernex.png 559w, https:\/\/test.addabra.com\/opensignal\/wp-content\/uploads\/2025\/03\/ibernex-300x137.png 300w\" sizes=\"(max-width: 559px) 100vw, 559px\" \/>\t\t\t\t\t\t\t\t\t\t\t\t\t\t\t<\/div>\n\t\t\t\t<\/div>\n\t\t\t\t<\/div>\n\t\t<div class=\"elementor-element elementor-element-46d02b8a e-con-full e-flex e-con e-child\" data-id=\"46d02b8a\" data-element_type=\"container\" data-settings=\"{&quot;background_background&quot;:&quot;classic&quot;}\">\n\t\t\t\t<div class=\"elementor-element elementor-element-3ee21695 elementor-widget__width-inherit elementor-widget elementor-widget-heading\" data-id=\"3ee21695\" data-element_type=\"widget\" data-widget_type=\"heading.default\">\n\t\t\t\t<div class=\"elementor-widget-container\">\n\t\t\t\t\t<h5 class=\"elementor-heading-title elementor-size-default\">\u00bfQu\u00e9 ofrecemos?<\/h5>\t\t\t\t<\/div>\n\t\t\t\t<\/div>\n\t\t\t\t<div class=\"elementor-element elementor-element-519386e8 elementor-widget__width-initial elementor-view-default elementor-position-top elementor-mobile-position-top elementor-widget elementor-widget-icon-box\" data-id=\"519386e8\" data-element_type=\"widget\" data-widget_type=\"icon-box.default\">\n\t\t\t\t<div class=\"elementor-widget-container\">\n\t\t\t\t\t\t\t<div class=\"elementor-icon-box-wrapper\">\n\n\t\t\t\t\t\t<div class=\"elementor-icon-box-icon\">\n\t\t\t\t<span  class=\"elementor-icon\">\n\t\t\t\t<i aria-hidden=\"true\" class=\"jki jki-clock\"><\/i>\t\t\t\t<\/span>\n\t\t\t<\/div>\n\t\t\t\n\t\t\t\t\t\t<div class=\"elementor-icon-box-content\">\n\n\t\t\t\t\t\t\t\t\t<h3 class=\"elementor-icon-box-title\">\n\t\t\t\t\t\t<span  >\n\t\t\t\t\t\t\tAtenci\u00f3n 24\/7\t\t\t\t\t\t<\/span>\n\t\t\t\t\t<\/h3>\n\t\t\t\t\n\t\t\t\t\t\t\t\t\t<p class=\"elementor-icon-box-description\">\n\t\t\t\t\t\tCuidado continuo para garantizar la seguridad del paciente.\t\t\t\t\t<\/p>\n\t\t\t\t\n\t\t\t<\/div>\n\t\t\t\n\t\t<\/div>\n\t\t\t\t\t\t<\/div>\n\t\t\t\t<\/div>\n\t\t\t\t<div class=\"elementor-element elementor-element-6550bfbf elementor-widget__width-initial elementor-widget-mobile__width-initial elementor-view-default elementor-position-top elementor-mobile-position-top elementor-widget elementor-widget-icon-box\" data-id=\"6550bfbf\" data-element_type=\"widget\" data-widget_type=\"icon-box.default\">\n\t\t\t\t<div class=\"elementor-widget-container\">\n\t\t\t\t\t\t\t<div class=\"elementor-icon-box-wrapper\">\n\n\t\t\t\t\t\t<div class=\"elementor-icon-box-icon\">\n\t\t\t\t<span  class=\"elementor-icon\">\n\t\t\t\t<i aria-hidden=\"true\" class=\"jki jki-listing-light\"><\/i>\t\t\t\t<\/span>\n\t\t\t<\/div>\n\t\t\t\n\t\t\t\t\t\t<div class=\"elementor-icon-box-content\">\n\n\t\t\t\t\t\t\t\t\t<h3 class=\"elementor-icon-box-title\">\n\t\t\t\t\t\t<span  >\n\t\t\t\t\t\t\tAsistencia especializada \t\t\t\t\t\t<\/span>\n\t\t\t\t\t<\/h3>\n\t\t\t\t\n\t\t\t\t\t\t\t\t\t<p class=\"elementor-icon-box-description\">\n\t\t\t\t\t\tApoyo en higiene, alimentaci\u00f3n, medicaci\u00f3n y movilidad.\t\t\t\t\t<\/p>\n\t\t\t\t\n\t\t\t<\/div>\n\t\t\t\n\t\t<\/div>\n\t\t\t\t\t\t<\/div>\n\t\t\t\t<\/div>\n\t\t\t\t<div class=\"elementor-element elementor-element-1b7f9de6 elementor-widget__width-initial elementor-widget-mobile__width-initial elementor-view-default elementor-position-top elementor-mobile-position-top elementor-widget elementor-widget-icon-box\" data-id=\"1b7f9de6\" data-element_type=\"widget\" data-widget_type=\"icon-box.default\">\n\t\t\t\t<div class=\"elementor-widget-container\">\n\t\t\t\t\t\t\t<div class=\"elementor-icon-box-wrapper\">\n\n\t\t\t\t\t\t<div class=\"elementor-icon-box-icon\">\n\t\t\t\t<span  class=\"elementor-icon\">\n\t\t\t\t<i aria-hidden=\"true\" class=\"jki jki-star2-light\"><\/i>\t\t\t\t<\/span>\n\t\t\t<\/div>\n\t\t\t\n\t\t\t\t\t\t<div class=\"elementor-icon-box-content\">\n\n\t\t\t\t\t\t\t\t\t<h3 class=\"elementor-icon-box-title\">\n\t\t\t\t\t\t<span  >\n\t\t\t\t\t\t\tPersonal capacitado y certificado\t\t\t\t\t\t<\/span>\n\t\t\t\t\t<\/h3>\n\t\t\t\t\n\t\t\t\t\t\t\t\t\t<p class=\"elementor-icon-box-description\">\n\t\t\t\t\t\tEnfermeras y auxiliares con experiencia comprobada.\t\t\t\t\t<\/p>\n\t\t\t\t\n\t\t\t<\/div>\n\t\t\t\n\t\t<\/div>\n\t\t\t\t\t\t<\/div>\n\t\t\t\t<\/div>\n\t\t\t\t<\/div>\n\t\t\t\t<\/div>\n\t\t<div class=\"elementor-element elementor-element-351e2db2 e-con-full e-flex e-con e-child\" data-id=\"351e2db2\" data-element_type=\"container\">\n\t\t\t\t<div class=\"elementor-element elementor-element-35b94c70 elementor-widget elementor-widget-heading\" data-id=\"35b94c70\" data-element_type=\"widget\" data-widget_type=\"heading.default\">\n\t\t\t\t<div class=\"elementor-widget-container\">\n\t\t\t\t\t<h2 class=\"elementor-heading-title elementor-size-default\">Otros servicios<\/h2>\t\t\t\t<\/div>\n\t\t\t\t<\/div>\n\t\t\t\t<div class=\"elementor-element elementor-element-9ada988 list-services elementor-icon-list--layout-traditional elementor-list-item-link-full_width elementor-widget elementor-widget-icon-list\" data-id=\"9ada988\" data-element_type=\"widget\" data-widget_type=\"icon-list.default\">\n\t\t\t\t<div class=\"elementor-widget-container\">\n\t\t\t\t\t\t\t<ul class=\"elementor-icon-list-items\">\n\t\t\t\t\t\t\t<li class=\"elementor-icon-list-item\">\n\t\t\t\t\t\t\t\t\t\t\t<a href=\"https:\/\/test.addabra.com\/opensignal\/index.php\/audio\/\">\n\n\t\t\t\t\t\t\t\t\t\t\t<span class=\"elementor-icon-list-text\">Audio residencial Hi-Fi<\/span>\n\t\t\t\t\t\t\t\t\t\t\t<\/a>\n\t\t\t\t\t\t\t\t\t<\/li>\n\t\t\t\t\t\t\t\t<li class=\"elementor-icon-list-item\">\n\t\t\t\t\t\t\t\t\t\t\t<a href=\"https:\/\/test.addabra.com\/opensignal\/index.php\/bms\/\">\n\n\t\t\t\t\t\t\t\t\t\t\t<span class=\"elementor-icon-list-text\">BMS<\/span>\n\t\t\t\t\t\t\t\t\t\t\t<\/a>\n\t\t\t\t\t\t\t\t\t<\/li>\n\t\t\t\t\t\t\t\t<li class=\"elementor-icon-list-item\">\n\t\t\t\t\t\t\t\t\t\t\t<a href=\"https:\/\/test.addabra.com\/opensignal\/index.php\/deteccion-de-humo\/\">\n\n\t\t\t\t\t\t\t\t\t\t\t<span class=\"elementor-icon-list-text\">Detecci\u00f3n de humo<\/span>\n\t\t\t\t\t\t\t\t\t\t\t<\/a>\n\t\t\t\t\t\t\t\t\t<\/li>\n\t\t\t\t\t\t\t\t<li class=\"elementor-icon-list-item\">\n\t\t\t\t\t\t\t\t\t\t\t<a href=\"https:\/\/test.addabra.com\/opensignal\/index.php\/cctv\/\">\n\n\t\t\t\t\t\t\t\t\t\t\t<span class=\"elementor-icon-list-text\">CCTV<\/span>\n\t\t\t\t\t\t\t\t\t\t\t<\/a>\n\t\t\t\t\t\t\t\t\t<\/li>\n\t\t\t\t\t\t\t\t<li class=\"elementor-icon-list-item\">\n\t\t\t\t\t\t\t\t\t\t\t<a href=\"https:\/\/test.addabra.com\/opensignal\/index.php\/networking\/\">\n\n\t\t\t\t\t\t\t\t\t\t\t<span class=\"elementor-icon-list-text\">Networking<\/span>\n\t\t\t\t\t\t\t\t\t\t\t<\/a>\n\t\t\t\t\t\t\t\t\t<\/li>\n\t\t\t\t\t\t\t\t<li class=\"elementor-icon-list-item\">\n\t\t\t\t\t\t\t\t\t\t\t<a href=\"https:\/\/test.addabra.com\/opensignal\/index.php\/control-de-acceso\/\">\n\n\t\t\t\t\t\t\t\t\t\t\t<span class=\"elementor-icon-list-text\">Control de acceso<\/span>\n\t\t\t\t\t\t\t\t\t\t\t<\/a>\n\t\t\t\t\t\t\t\t\t<\/li>\n\t\t\t\t\t\t\t\t<li class=\"elementor-icon-list-item\">\n\t\t\t\t\t\t\t\t\t\t\t<a href=\"https:\/\/test.addabra.com\/opensignal\/index.php\/quirofanos-inteligentes\/\">\n\n\t\t\t\t\t\t\t\t\t\t\t<span class=\"elementor-icon-list-text\">Quir\u00f3fanos inteligentes<\/span>\n\t\t\t\t\t\t\t\t\t\t\t<\/a>\n\t\t\t\t\t\t\t\t\t<\/li>\n\t\t\t\t\t\t\t\t<li class=\"elementor-icon-list-item\">\n\t\t\t\t\t\t\t\t\t\t\t<a href=\"https:\/\/test.addabra.com\/opensignal\/index.php\/paciente-enfermera\/\">\n\n\t\t\t\t\t\t\t\t\t\t\t<span class=\"elementor-icon-list-text\"><span>Paciente enfermera<\/span><\/span>\n\t\t\t\t\t\t\t\t\t\t\t<\/a>\n\t\t\t\t\t\t\t\t\t<\/li>\n\t\t\t\t\t\t<\/ul>\n\t\t\t\t\t\t<\/div>\n\t\t\t\t<\/div>\n\t\t\t\t<div class=\"elementor-element elementor-element-1960134f elementor-widget elementor-widget-html\" data-id=\"1960134f\" data-element_type=\"widget\" data-widget_type=\"html.default\">\n\t\t\t\t<div class=\"elementor-widget-container\">\n\t\t\t\t\t<style>\n.list-services .elementor-icon-list-item {\n  padding-right: 20px;\n  padding-left: 20px;\n}\n\n.list-services span {\n  color: #E1670D;\n}\n<\/style>\t\t\t\t<\/div>\n\t\t\t\t<\/div>\n\t\t\t\t<\/div>\n\t\t\t\t\t<\/div>\n\t\t\t\t<\/div>\n\t\t\t\t<\/div>\n\t\t","protected":false},"excerpt":{"rendered":"<p>Paciente enfermera Reservar una llamada Quiero m\u00e1s informaci\u00f3n Acerca del servicio Nuestros dise\u00f1os en sistema paciente-enfermera optimizan la atenci\u00f3n m\u00e9dica, brindando comunicaci\u00f3n eficiente, monitoreo en tiempo real y cuidado personalizado para una mejor salud. A trav\u00e9s de tecnolog\u00eda avanzada, facilitamos la interacci\u00f3n inmediata entre pacientes y personal de salud, permitiendo respuestas r\u00e1pidas ante cualquier necesidad. [&hellip;]<\/p>\n","protected":false},"author":1,"featured_media":0,"parent":0,"menu_order":0,"comment_status":"closed","ping_status":"closed","template":"elementor_header_footer","meta":{"_joinchat":[],"footnotes":""},"class_list":["post-1029","page","type-page","status-publish","hentry"],"yoast_head":"<!-- This site is optimized with the Yoast SEO plugin v24.8.1 - https:\/\/yoast.com\/wordpress\/plugins\/seo\/ -->\n<title>Paciente enfermera - OpenSignal<\/title>\n<meta name=\"robots\" content=\"index, follow, max-snippet:-1, max-image-preview:large, max-video-preview:-1\" \/>\n<link rel=\"canonical\" href=\"https:\/\/test.addabra.com\/opensignal\/index.php\/paciente-enfermera\/\" \/>\n<meta property=\"og:locale\" content=\"es_MX\" \/>\n<meta property=\"og:type\" content=\"article\" \/>\n<meta property=\"og:title\" content=\"Paciente enfermera - OpenSignal\" \/>\n<meta property=\"og:description\" content=\"Paciente enfermera Reservar una llamada Quiero m\u00e1s informaci\u00f3n Acerca del servicio Nuestros dise\u00f1os en sistema paciente-enfermera optimizan la atenci\u00f3n m\u00e9dica, brindando comunicaci\u00f3n eficiente, monitoreo en tiempo real y cuidado personalizado para una mejor salud. A trav\u00e9s de tecnolog\u00eda avanzada, facilitamos la interacci\u00f3n inmediata entre pacientes y personal de salud, permitiendo respuestas r\u00e1pidas ante cualquier necesidad. [&hellip;]\" \/>\n<meta property=\"og:url\" content=\"https:\/\/test.addabra.com\/opensignal\/index.php\/paciente-enfermera\/\" \/>\n<meta property=\"og:site_name\" content=\"OpenSignal\" \/>\n<meta property=\"article:modified_time\" content=\"2025-03-05T23:18:41+00:00\" \/>\n<meta property=\"og:image\" content=\"https:\/\/test.addabra.com\/opensignal\/wp-content\/uploads\/2025\/03\/alcalad.png\" \/>\n\t<meta property=\"og:image:width\" content=\"555\" \/>\n\t<meta property=\"og:image:height\" content=\"256\" \/>\n\t<meta property=\"og:image:type\" content=\"image\/png\" \/>\n<meta name=\"twitter:card\" content=\"summary_large_image\" \/>\n<meta name=\"twitter:label1\" content=\"Tiempo de lectura\" \/>\n\t<meta name=\"twitter:data1\" content=\"2 minutos\" \/>\n<script type=\"application\/ld+json\" class=\"yoast-schema-graph\">{\"@context\":\"https:\/\/schema.org\",\"@graph\":[{\"@type\":\"WebPage\",\"@id\":\"https:\/\/test.addabra.com\/opensignal\/index.php\/paciente-enfermera\/\",\"url\":\"https:\/\/test.addabra.com\/opensignal\/index.php\/paciente-enfermera\/\",\"name\":\"Paciente enfermera - OpenSignal\",\"isPartOf\":{\"@id\":\"https:\/\/test.addabra.com\/opensignal\/#website\"},\"primaryImageOfPage\":{\"@id\":\"https:\/\/test.addabra.com\/opensignal\/index.php\/paciente-enfermera\/#primaryimage\"},\"image\":{\"@id\":\"https:\/\/test.addabra.com\/opensignal\/index.php\/paciente-enfermera\/#primaryimage\"},\"thumbnailUrl\":\"https:\/\/test.addabra.com\/opensignal\/wp-content\/uploads\/2025\/03\/alcalad.png\",\"datePublished\":\"2025-03-05T22:38:26+00:00\",\"dateModified\":\"2025-03-05T23:18:41+00:00\",\"breadcrumb\":{\"@id\":\"https:\/\/test.addabra.com\/opensignal\/index.php\/paciente-enfermera\/#breadcrumb\"},\"inLanguage\":\"es\",\"potentialAction\":[{\"@type\":\"ReadAction\",\"target\":[\"https:\/\/test.addabra.com\/opensignal\/index.php\/paciente-enfermera\/\"]}]},{\"@type\":\"ImageObject\",\"inLanguage\":\"es\",\"@id\":\"https:\/\/test.addabra.com\/opensignal\/index.php\/paciente-enfermera\/#primaryimage\",\"url\":\"https:\/\/test.addabra.com\/opensignal\/wp-content\/uploads\/2025\/03\/alcalad.png\",\"contentUrl\":\"https:\/\/test.addabra.com\/opensignal\/wp-content\/uploads\/2025\/03\/alcalad.png\",\"width\":555,\"height\":256},{\"@type\":\"BreadcrumbList\",\"@id\":\"https:\/\/test.addabra.com\/opensignal\/index.php\/paciente-enfermera\/#breadcrumb\",\"itemListElement\":[{\"@type\":\"ListItem\",\"position\":1,\"name\":\"Inicio\",\"item\":\"https:\/\/test.addabra.com\/opensignal\/\"},{\"@type\":\"ListItem\",\"position\":2,\"name\":\"Paciente enfermera\"}]},{\"@type\":\"WebSite\",\"@id\":\"https:\/\/test.addabra.com\/opensignal\/#website\",\"url\":\"https:\/\/test.addabra.com\/opensignal\/\",\"name\":\"OpenSignal\",\"description\":\"\",\"potentialAction\":[{\"@type\":\"SearchAction\",\"target\":{\"@type\":\"EntryPoint\",\"urlTemplate\":\"https:\/\/test.addabra.com\/opensignal\/?s={search_term_string}\"},\"query-input\":{\"@type\":\"PropertyValueSpecification\",\"valueRequired\":true,\"valueName\":\"search_term_string\"}}],\"inLanguage\":\"es\"}]}<\/script>\n<!-- \/ Yoast SEO plugin. -->","yoast_head_json":{"title":"Paciente enfermera - OpenSignal","robots":{"index":"index","follow":"follow","max-snippet":"max-snippet:-1","max-image-preview":"max-image-preview:large","max-video-preview":"max-video-preview:-1"},"canonical":"https:\/\/test.addabra.com\/opensignal\/index.php\/paciente-enfermera\/","og_locale":"es_MX","og_type":"article","og_title":"Paciente enfermera - OpenSignal","og_description":"Paciente enfermera Reservar una llamada Quiero m\u00e1s informaci\u00f3n Acerca del servicio Nuestros dise\u00f1os en sistema paciente-enfermera optimizan la atenci\u00f3n m\u00e9dica, brindando comunicaci\u00f3n eficiente, monitoreo en tiempo real y cuidado personalizado para una mejor salud. A trav\u00e9s de tecnolog\u00eda avanzada, facilitamos la interacci\u00f3n inmediata entre pacientes y personal de salud, permitiendo respuestas r\u00e1pidas ante cualquier necesidad. [&hellip;]","og_url":"https:\/\/test.addabra.com\/opensignal\/index.php\/paciente-enfermera\/","og_site_name":"OpenSignal","article_modified_time":"2025-03-05T23:18:41+00:00","og_image":[{"width":555,"height":256,"url":"https:\/\/test.addabra.com\/opensignal\/wp-content\/uploads\/2025\/03\/alcalad.png","type":"image\/png"}],"twitter_card":"summary_large_image","twitter_misc":{"Tiempo de lectura":"2 minutos"},"schema":{"@context":"https:\/\/schema.org","@graph":[{"@type":"WebPage","@id":"https:\/\/test.addabra.com\/opensignal\/index.php\/paciente-enfermera\/","url":"https:\/\/test.addabra.com\/opensignal\/index.php\/paciente-enfermera\/","name":"Paciente enfermera - OpenSignal","isPartOf":{"@id":"https:\/\/test.addabra.com\/opensignal\/#website"},"primaryImageOfPage":{"@id":"https:\/\/test.addabra.com\/opensignal\/index.php\/paciente-enfermera\/#primaryimage"},"image":{"@id":"https:\/\/test.addabra.com\/opensignal\/index.php\/paciente-enfermera\/#primaryimage"},"thumbnailUrl":"https:\/\/test.addabra.com\/opensignal\/wp-content\/uploads\/2025\/03\/alcalad.png","datePublished":"2025-03-05T22:38:26+00:00","dateModified":"2025-03-05T23:18:41+00:00","breadcrumb":{"@id":"https:\/\/test.addabra.com\/opensignal\/index.php\/paciente-enfermera\/#breadcrumb"},"inLanguage":"es","potentialAction":[{"@type":"ReadAction","target":["https:\/\/test.addabra.com\/opensignal\/index.php\/paciente-enfermera\/"]}]},{"@type":"ImageObject","inLanguage":"es","@id":"https:\/\/test.addabra.com\/opensignal\/index.php\/paciente-enfermera\/#primaryimage","url":"https:\/\/test.addabra.com\/opensignal\/wp-content\/uploads\/2025\/03\/alcalad.png","contentUrl":"https:\/\/test.addabra.com\/opensignal\/wp-content\/uploads\/2025\/03\/alcalad.png","width":555,"height":256},{"@type":"BreadcrumbList","@id":"https:\/\/test.addabra.com\/opensignal\/index.php\/paciente-enfermera\/#breadcrumb","itemListElement":[{"@type":"ListItem","position":1,"name":"Inicio","item":"https:\/\/test.addabra.com\/opensignal\/"},{"@type":"ListItem","position":2,"name":"Paciente enfermera"}]},{"@type":"WebSite","@id":"https:\/\/test.addabra.com\/opensignal\/#website","url":"https:\/\/test.addabra.com\/opensignal\/","name":"OpenSignal","description":"","potentialAction":[{"@type":"SearchAction","target":{"@type":"EntryPoint","urlTemplate":"https:\/\/test.addabra.com\/opensignal\/?s={search_term_string}"},"query-input":{"@type":"PropertyValueSpecification","valueRequired":true,"valueName":"search_term_string"}}],"inLanguage":"es"}]}},"_links":{"self":[{"href":"https:\/\/test.addabra.com\/opensignal\/index.php\/wp-json\/wp\/v2\/pages\/1029","targetHints":{"allow":["GET"]}}],"collection":[{"href":"https:\/\/test.addabra.com\/opensignal\/index.php\/wp-json\/wp\/v2\/pages"}],"about":[{"href":"https:\/\/test.addabra.com\/opensignal\/index.php\/wp-json\/wp\/v2\/types\/page"}],"author":[{"embeddable":true,"href":"https:\/\/test.addabra.com\/opensignal\/index.php\/wp-json\/wp\/v2\/users\/1"}],"replies":[{"embeddable":true,"href":"https:\/\/test.addabra.com\/opensignal\/index.php\/wp-json\/wp\/v2\/comments?post=1029"}],"version-history":[{"count":19,"href":"https:\/\/test.addabra.com\/opensignal\/index.php\/wp-json\/wp\/v2\/pages\/1029\/revisions"}],"predecessor-version":[{"id":1120,"href":"https:\/\/test.addabra.com\/opensignal\/index.php\/wp-json\/wp\/v2\/pages\/1029\/revisions\/1120"}],"wp:attachment":[{"href":"https:\/\/test.addabra.com\/opensignal\/index.php\/wp-json\/wp\/v2\/media?parent=1029"}],"curies":[{"name":"wp","href":"https:\/\/api.w.org\/{rel}","templated":true}]}}