{"id":1056,"date":"2025-03-05T23:00:19","date_gmt":"2025-03-05T23:00:19","guid":{"rendered":"https:\/\/test.addabra.com\/opensignal\/?page_id=1056"},"modified":"2025-03-05T23:19:08","modified_gmt":"2025-03-05T23:19:08","slug":"quirofanos-inteligentes","status":"publish","type":"page","link":"https:\/\/test.addabra.com\/opensignal\/index.php\/quirofanos-inteligentes\/","title":{"rendered":"Quir\u00f3fanos inteligentes"},"content":{"rendered":"\t\t<div data-elementor-type=\"wp-page\" data-elementor-id=\"1056\" class=\"elementor elementor-1056\">\n\t\t\t\t\t\t<section class=\"elementor-section elementor-top-section elementor-element elementor-element-60a9e655 elementor-section-boxed elementor-section-height-default elementor-section-height-default\" data-id=\"60a9e655\" data-element_type=\"section\" data-settings=\"{&quot;background_background&quot;:&quot;classic&quot;,&quot;shape_divider_bottom&quot;:&quot;tilt&quot;}\">\n\t\t\t\t\t\t\t<div class=\"elementor-background-overlay\"><\/div>\n\t\t\t\t\t\t<div class=\"elementor-shape elementor-shape-bottom\" data-negative=\"false\">\n\t\t\t<svg xmlns=\"http:\/\/www.w3.org\/2000\/svg\" viewBox=\"0 0 1000 100\" preserveAspectRatio=\"none\">\n\t<path class=\"elementor-shape-fill\" d=\"M0,6V0h1000v100L0,6z\"\/>\n<\/svg>\t\t<\/div>\n\t\t\t\t\t<div class=\"elementor-container elementor-column-gap-no\">\n\t\t\t\t\t<div class=\"elementor-column elementor-col-100 elementor-top-column elementor-element elementor-element-52ec8985\" data-id=\"52ec8985\" data-element_type=\"column\">\n\t\t\t<div class=\"elementor-widget-wrap elementor-element-populated\">\n\t\t\t\t\t\t<div class=\"elementor-element elementor-element-42e183a elementor-widget elementor-widget-heading\" data-id=\"42e183a\" data-element_type=\"widget\" data-widget_type=\"heading.default\">\n\t\t\t\t<div class=\"elementor-widget-container\">\n\t\t\t\t\t<h2 class=\"elementor-heading-title elementor-size-default\">Quir\u00f3fanos inteligentes<\/h2>\t\t\t\t<\/div>\n\t\t\t\t<\/div>\n\t\t\t\t<div class=\"elementor-element elementor-element-1e74b20f elementor-widget__width-auto elementor-widget-mobile__width-inherit elementor-widget elementor-widget-jkit_button\" data-id=\"1e74b20f\" data-element_type=\"widget\" data-widget_type=\"jkit_button.default\">\n\t\t\t\t<div class=\"elementor-widget-container\">\n\t\t\t\t\t<div  class=\"jeg-elementor-kit jkit-button  icon-position-before jeg_module___69e10971e4300\" ><a href=\"\" class=\"jkit-button-wrapper\"><i aria-hidden=\"true\" class=\"jki jki-phone-line\"><\/i>Reservar una llamada<\/a><\/div>\t\t\t\t<\/div>\n\t\t\t\t<\/div>\n\t\t\t\t<div class=\"elementor-element elementor-element-2bef67e0 elementor-widget__width-auto elementor-widget-mobile__width-inherit elementor-widget elementor-widget-jkit_button\" data-id=\"2bef67e0\" data-element_type=\"widget\" data-widget_type=\"jkit_button.default\">\n\t\t\t\t<div class=\"elementor-widget-container\">\n\t\t\t\t\t<div  class=\"jeg-elementor-kit jkit-button  icon-position-before jeg_module__1_69e10971e4ae0\" ><a href=\"https:\/\/test.addabra.com\/opensignal\/index.php\/contacto\/\" class=\"jkit-button-wrapper\"><i aria-hidden=\"true\" class=\"jki jki-envelope1-light\"><\/i>Quiero m\u00e1s informaci\u00f3n<\/a><\/div>\t\t\t\t<\/div>\n\t\t\t\t<\/div>\n\t\t\t\t\t<\/div>\n\t\t<\/div>\n\t\t\t\t\t<\/div>\n\t\t<\/section>\n\t\t<div class=\"elementor-element elementor-element-49053697 e-flex e-con-boxed e-con e-parent\" data-id=\"49053697\" data-element_type=\"container\">\n\t\t\t\t\t<div class=\"e-con-inner\">\n\t\t<div class=\"elementor-element elementor-element-25c26d49 e-con-full e-flex e-con e-child\" data-id=\"25c26d49\" data-element_type=\"container\">\n\t\t\t\t<div class=\"elementor-element elementor-element-1031ae91 elementor-widget elementor-widget-heading\" data-id=\"1031ae91\" data-element_type=\"widget\" data-widget_type=\"heading.default\">\n\t\t\t\t<div class=\"elementor-widget-container\">\n\t\t\t\t\t<h5 class=\"elementor-heading-title elementor-size-default\">Acerca del servicio<\/h5>\t\t\t\t<\/div>\n\t\t\t\t<\/div>\n\t\t\t\t<div class=\"elementor-element elementor-element-3710128f elementor-widget elementor-widget-text-editor\" data-id=\"3710128f\" data-element_type=\"widget\" data-widget_type=\"text-editor.default\">\n\t\t\t\t<div class=\"elementor-widget-container\">\n\t\t\t\t\t\t\t\t\t<p><span style=\"font-weight: 400;\">Implementamos quir\u00f3fanos inteligentes que transforman la atenci\u00f3n quir\u00fargica. Con tecnolog\u00eda innovadora, nuestros quir\u00f3fanos ofrecen una gesti\u00f3n optimizada y un entorno seguro para pacientes y personal m\u00e9dico. La integraci\u00f3n de sistemas de comunicaci\u00f3n y monitoreo permite una toma de decisiones r\u00e1pida y precisa, asegurando resultados \u00f3ptimos y una recuperaci\u00f3n m\u00e1s efectiva. Potencia la calidad de tus procedimientos con nuestra soluci\u00f3n avanzada.<\/span><\/p>\t\t\t\t\t\t\t\t<\/div>\n\t\t\t\t<\/div>\n\t\t<div class=\"elementor-element elementor-element-214c6d3c e-con-full e-flex e-con e-child\" data-id=\"214c6d3c\" data-element_type=\"container\" data-settings=\"{&quot;background_background&quot;:&quot;classic&quot;}\">\n\t\t\t\t<div class=\"elementor-element elementor-element-15c4bfe9 elementor-widget__width-inherit elementor-widget elementor-widget-heading\" data-id=\"15c4bfe9\" data-element_type=\"widget\" data-widget_type=\"heading.default\">\n\t\t\t\t<div class=\"elementor-widget-container\">\n\t\t\t\t\t<h5 class=\"elementor-heading-title elementor-size-default\">Beneficios de nuestros Quir\u00f3fanos Inteligentes<\/h5>\t\t\t\t<\/div>\n\t\t\t\t<\/div>\n\t\t\t\t<div class=\"elementor-element elementor-element-2f76009f elementor-widget__width-initial elementor-view-default elementor-position-top elementor-mobile-position-top elementor-widget elementor-widget-icon-box\" data-id=\"2f76009f\" data-element_type=\"widget\" data-widget_type=\"icon-box.default\">\n\t\t\t\t<div class=\"elementor-widget-container\">\n\t\t\t\t\t\t\t<div class=\"elementor-icon-box-wrapper\">\n\n\t\t\t\t\t\t<div class=\"elementor-icon-box-icon\">\n\t\t\t\t<span  class=\"elementor-icon\">\n\t\t\t\t<i aria-hidden=\"true\" class=\"jki jki-settings1-light\"><\/i>\t\t\t\t<\/span>\n\t\t\t<\/div>\n\t\t\t\n\t\t\t\t\t\t<div class=\"elementor-icon-box-content\">\n\n\t\t\t\t\t\t\t\t\t<h3 class=\"elementor-icon-box-title\">\n\t\t\t\t\t\t<span  >\n\t\t\t\t\t\t\tGesti\u00f3n optimizada\t\t\t\t\t\t<\/span>\n\t\t\t\t\t<\/h3>\n\t\t\t\t\n\t\t\t\t\t\t\t\t\t<p class=\"elementor-icon-box-description\">\n\t\t\t\t\t\tIntegraci\u00f3n de tecnolog\u00eda avanzada para una operaci\u00f3n eficiente.\t\t\t\t\t<\/p>\n\t\t\t\t\n\t\t\t<\/div>\n\t\t\t\n\t\t<\/div>\n\t\t\t\t\t\t<\/div>\n\t\t\t\t<\/div>\n\t\t\t\t<div class=\"elementor-element elementor-element-40911923 elementor-widget__width-initial elementor-widget-mobile__width-initial elementor-view-default elementor-position-top elementor-mobile-position-top elementor-widget elementor-widget-icon-box\" data-id=\"40911923\" data-element_type=\"widget\" data-widget_type=\"icon-box.default\">\n\t\t\t\t<div class=\"elementor-widget-container\">\n\t\t\t\t\t\t\t<div class=\"elementor-icon-box-wrapper\">\n\n\t\t\t\t\t\t<div class=\"elementor-icon-box-icon\">\n\t\t\t\t<span  class=\"elementor-icon\">\n\t\t\t\t<svg xmlns=\"http:\/\/www.w3.org\/2000\/svg\" xmlns:xlink=\"http:\/\/www.w3.org\/1999\/xlink\" width=\"512\" height=\"512\" x=\"0\" y=\"0\" viewBox=\"0 0 2048 2048\" style=\"enable-background:new 0 0 512 512\" xml:space=\"preserve\" class=\"\">  <g>    <path d=\"M1035.019 1956h-22.037a171.167 171.167 0 0 1-60.171-10.887c-212.381-79.458-383.035-208.231-507.225-382.744-97.524-137.042-165.165-300.865-201.041-486.916-59.175-306.879-11.257-572.891-9.188-584.064 10.595-57.209 48.97-104.754 102.654-127.182l619.793-258.935C978.883 96.465 1001.155 92 1024 92c22.846 0 45.117 4.465 66.196 13.271l619.793 258.935c53.685 22.43 92.06 69.974 102.653 127.181 2.069 11.177 49.981 277.218-9.188 584.064-35.877 186.052-103.517 349.874-201.041 486.917-124.189 174.514-294.844 303.287-507.224 382.743a171.114 171.114 0 0 1-60.17 10.889zM1024 156a107.175 107.175 0 0 0-41.525 8.325L362.682 423.26c-33.676 14.069-57.749 43.894-64.395 79.781-1.979 10.687-47.811 265.156 9.1 560.293 34.129 176.989 98.17 332.403 190.343 461.927 116.649 163.917 277.305 285.008 477.505 359.909a107.388 107.388 0 0 0 37.746 6.829h22.037c12.932 0 25.632-2.298 37.747-6.83 200.199-74.899 360.854-195.99 477.504-359.908 92.174-129.523 156.214-284.938 190.344-461.928 56.905-295.106 11.077-549.606 9.099-560.295-6.645-35.884-30.718-65.709-64.395-79.779l-619.792-258.935A107.189 107.189 0 0 0 1024 156z\" fill=\"#e1670d\" opacity=\"1\" data-original=\"#000000\" class=\"\"><\/path>    <path d=\"M1035.019 1816.278h-22.037c-3.829 0-7.627-.688-11.213-2.029-185.79-69.508-334.615-181.509-442.344-332.891-85.842-120.628-145.625-266.095-177.686-432.361-28.345-146.994-29.329-283.518-25.164-372.163 4.527-96.322 15.694-157.45 16.167-160.004a31.998 31.998 0 0 1 19.129-23.7l619.792-258.935a31.996 31.996 0 0 1 24.671 0l619.792 258.935a32 32 0 0 1 19.129 23.7c.474 2.555 11.64 63.683 16.167 160.004 4.166 88.645 3.182 225.168-25.163 372.163-32.061 166.267-91.843 311.733-177.686 432.361-107.729 151.382-256.554 263.383-442.344 332.891a31.963 31.963 0 0 1-11.21 2.029zm-16.204-64h10.369c312.42-118.785 505.595-359.444 574.234-715.399 44.014-228.25 20.178-432.847 11.584-491.569L1024 298.402 432.987 545.313c-3.535 24.037-9.641 72.461-12.571 136.462-3.901 85.201-2.812 216.295 24.529 356.979 68.978 354.934 262.024 594.96 573.87 713.524z\" fill=\"#e1670d\" opacity=\"1\" data-original=\"#000000\" class=\"\"><\/path>    <path d=\"M1178.23 1420.12H869.77c-82.837 0-150.23-67.397-150.23-150.24v-250.66c0-82.843 67.393-150.24 150.23-150.24h308.46c82.837 0 150.229 67.397 150.229 150.24v250.66c.001 82.843-67.392 150.24-150.229 150.24zM869.77 932.98c-47.547 0-86.23 38.687-86.23 86.24v250.66c0 47.553 38.683 86.24 86.23 86.24h308.46c47.547 0 86.229-38.688 86.229-86.24v-250.66c0-47.553-38.683-86.24-86.229-86.24zM1024 1182.79c-48.887 0-88.66-39.772-88.66-88.66 0-48.893 39.773-88.67 88.66-88.67 48.888 0 88.66 39.777 88.66 88.67 0 48.888-39.772 88.66-88.66 88.66zm0-113.33c-13.598 0-24.66 11.066-24.66 24.67 0 13.598 11.063 24.66 24.66 24.66s24.66-11.063 24.66-24.66c0-13.604-11.062-24.67-24.66-24.67z\" fill=\"#e1670d\" opacity=\"1\" data-original=\"#000000\" class=\"\"><\/path>    <path d=\"M1223.275 932.985c-17.673 0-32-14.327-32-32V802.97c0-92.236-75.039-167.275-167.275-167.275s-167.275 75.04-167.275 167.275v98.015c0 17.673-14.327 32-32 32s-32-14.327-32-32V802.97c0-61.776 24.057-119.854 67.739-163.536s101.76-67.739 163.536-67.739c61.775 0 119.854 24.057 163.536 67.739 43.683 43.682 67.739 101.76 67.739 163.536v98.015c0 17.673-14.327 32-32 32zM1024 1278.3c-17.673 0-32-14.327-32-32v-95.51c0-17.673 14.327-32 32-32s32 14.327 32 32v95.51c0 17.673-14.327 32-32 32z\" fill=\"#e1670d\" opacity=\"1\" data-original=\"#000000\" class=\"\"><\/path>  <\/g><\/svg>\t\t\t\t<\/span>\n\t\t\t<\/div>\n\t\t\t\n\t\t\t\t\t\t<div class=\"elementor-icon-box-content\">\n\n\t\t\t\t\t\t\t\t\t<h3 class=\"elementor-icon-box-title\">\n\t\t\t\t\t\t<span  >\n\t\t\t\t\t\t\tEntorno seguro\t\t\t\t\t\t<\/span>\n\t\t\t\t\t<\/h3>\n\t\t\t\t\n\t\t\t\t\t\t\t\t\t<p class=\"elementor-icon-box-description\">\n\t\t\t\t\t\tSistemas de monitoreo en tiempo real que reducen riesgos para pacientes y personal m\u00e9dico.\t\t\t\t\t<\/p>\n\t\t\t\t\n\t\t\t<\/div>\n\t\t\t\n\t\t<\/div>\n\t\t\t\t\t\t<\/div>\n\t\t\t\t<\/div>\n\t\t\t\t<div class=\"elementor-element elementor-element-3aa9880e elementor-widget__width-initial elementor-widget-mobile__width-initial elementor-view-default elementor-position-top elementor-mobile-position-top elementor-widget elementor-widget-icon-box\" data-id=\"3aa9880e\" data-element_type=\"widget\" data-widget_type=\"icon-box.default\">\n\t\t\t\t<div class=\"elementor-widget-container\">\n\t\t\t\t\t\t\t<div class=\"elementor-icon-box-wrapper\">\n\n\t\t\t\t\t\t<div class=\"elementor-icon-box-icon\">\n\t\t\t\t<span  class=\"elementor-icon\">\n\t\t\t\t<i aria-hidden=\"true\" class=\"jki jki-vertical-timeline-light\"><\/i>\t\t\t\t<\/span>\n\t\t\t<\/div>\n\t\t\t\n\t\t\t\t\t\t<div class=\"elementor-icon-box-content\">\n\n\t\t\t\t\t\t\t\t\t<h3 class=\"elementor-icon-box-title\">\n\t\t\t\t\t\t<span  >\n\t\t\t\t\t\t\tRegistro digital en tiempo real \t\t\t\t\t\t<\/span>\n\t\t\t\t\t<\/h3>\n\t\t\t\t\n\t\t\t\t\t\t\t\t\t<p class=\"elementor-icon-box-description\">\n\t\t\t\t\t\tAcceso inmediato a informaci\u00f3n cr\u00edtica para optimizar los procedimientos.\t\t\t\t\t<\/p>\n\t\t\t\t\n\t\t\t<\/div>\n\t\t\t\n\t\t<\/div>\n\t\t\t\t\t\t<\/div>\n\t\t\t\t<\/div>\n\t\t\t\t<\/div>\n\t\t\t\t<\/div>\n\t\t<div class=\"elementor-element elementor-element-1628d4ac e-con-full e-flex e-con e-child\" data-id=\"1628d4ac\" data-element_type=\"container\">\n\t\t\t\t<div class=\"elementor-element elementor-element-423b4801 elementor-widget elementor-widget-heading\" data-id=\"423b4801\" data-element_type=\"widget\" data-widget_type=\"heading.default\">\n\t\t\t\t<div class=\"elementor-widget-container\">\n\t\t\t\t\t<h2 class=\"elementor-heading-title elementor-size-default\">Otros servicios<\/h2>\t\t\t\t<\/div>\n\t\t\t\t<\/div>\n\t\t\t\t<div class=\"elementor-element elementor-element-e2c3d60 list-services elementor-icon-list--layout-traditional elementor-list-item-link-full_width elementor-widget elementor-widget-icon-list\" data-id=\"e2c3d60\" data-element_type=\"widget\" data-widget_type=\"icon-list.default\">\n\t\t\t\t<div class=\"elementor-widget-container\">\n\t\t\t\t\t\t\t<ul class=\"elementor-icon-list-items\">\n\t\t\t\t\t\t\t<li class=\"elementor-icon-list-item\">\n\t\t\t\t\t\t\t\t\t\t\t<a href=\"https:\/\/test.addabra.com\/opensignal\/index.php\/audio\/\">\n\n\t\t\t\t\t\t\t\t\t\t\t<span class=\"elementor-icon-list-text\">Audio residencial Hi-Fi<\/span>\n\t\t\t\t\t\t\t\t\t\t\t<\/a>\n\t\t\t\t\t\t\t\t\t<\/li>\n\t\t\t\t\t\t\t\t<li class=\"elementor-icon-list-item\">\n\t\t\t\t\t\t\t\t\t\t\t<a href=\"https:\/\/test.addabra.com\/opensignal\/index.php\/bms\/\">\n\n\t\t\t\t\t\t\t\t\t\t\t<span class=\"elementor-icon-list-text\">BMS<\/span>\n\t\t\t\t\t\t\t\t\t\t\t<\/a>\n\t\t\t\t\t\t\t\t\t<\/li>\n\t\t\t\t\t\t\t\t<li class=\"elementor-icon-list-item\">\n\t\t\t\t\t\t\t\t\t\t\t<a href=\"https:\/\/test.addabra.com\/opensignal\/index.php\/deteccion-de-humo\/\">\n\n\t\t\t\t\t\t\t\t\t\t\t<span class=\"elementor-icon-list-text\">Detecci\u00f3n de humo<\/span>\n\t\t\t\t\t\t\t\t\t\t\t<\/a>\n\t\t\t\t\t\t\t\t\t<\/li>\n\t\t\t\t\t\t\t\t<li class=\"elementor-icon-list-item\">\n\t\t\t\t\t\t\t\t\t\t\t<a href=\"https:\/\/test.addabra.com\/opensignal\/index.php\/cctv\/\">\n\n\t\t\t\t\t\t\t\t\t\t\t<span class=\"elementor-icon-list-text\">CCTV<\/span>\n\t\t\t\t\t\t\t\t\t\t\t<\/a>\n\t\t\t\t\t\t\t\t\t<\/li>\n\t\t\t\t\t\t\t\t<li class=\"elementor-icon-list-item\">\n\t\t\t\t\t\t\t\t\t\t\t<a href=\"https:\/\/test.addabra.com\/opensignal\/index.php\/networking\/\">\n\n\t\t\t\t\t\t\t\t\t\t\t<span class=\"elementor-icon-list-text\">Networking<\/span>\n\t\t\t\t\t\t\t\t\t\t\t<\/a>\n\t\t\t\t\t\t\t\t\t<\/li>\n\t\t\t\t\t\t\t\t<li class=\"elementor-icon-list-item\">\n\t\t\t\t\t\t\t\t\t\t\t<a href=\"https:\/\/test.addabra.com\/opensignal\/index.php\/control-de-acceso\/\">\n\n\t\t\t\t\t\t\t\t\t\t\t<span class=\"elementor-icon-list-text\">Control de acceso<\/span>\n\t\t\t\t\t\t\t\t\t\t\t<\/a>\n\t\t\t\t\t\t\t\t\t<\/li>\n\t\t\t\t\t\t\t\t<li class=\"elementor-icon-list-item\">\n\t\t\t\t\t\t\t\t\t\t\t<a href=\"https:\/\/test.addabra.com\/opensignal\/index.php\/quirofanos-inteligentes\/\">\n\n\t\t\t\t\t\t\t\t\t\t\t<span class=\"elementor-icon-list-text\"><span>Quir\u00f3fanos inteligentes<\/span><\/span>\n\t\t\t\t\t\t\t\t\t\t\t<\/a>\n\t\t\t\t\t\t\t\t\t<\/li>\n\t\t\t\t\t\t\t\t<li class=\"elementor-icon-list-item\">\n\t\t\t\t\t\t\t\t\t\t\t<a href=\"https:\/\/test.addabra.com\/opensignal\/index.php\/paciente-enfermera\/\">\n\n\t\t\t\t\t\t\t\t\t\t\t<span class=\"elementor-icon-list-text\"> Paciente enfermera<\/span>\n\t\t\t\t\t\t\t\t\t\t\t<\/a>\n\t\t\t\t\t\t\t\t\t<\/li>\n\t\t\t\t\t\t<\/ul>\n\t\t\t\t\t\t<\/div>\n\t\t\t\t<\/div>\n\t\t\t\t<div class=\"elementor-element elementor-element-22f4f245 elementor-widget elementor-widget-html\" data-id=\"22f4f245\" data-element_type=\"widget\" data-widget_type=\"html.default\">\n\t\t\t\t<div class=\"elementor-widget-container\">\n\t\t\t\t\t<style>\n.list-services .elementor-icon-list-item {\n  padding-right: 20px;\n  padding-left: 20px;\n}\n\n.list-services span {\n  color: #E1670D;\n}\n<\/style>\t\t\t\t<\/div>\n\t\t\t\t<\/div>\n\t\t\t\t<\/div>\n\t\t\t\t\t<\/div>\n\t\t\t\t<\/div>\n\t\t\t\t<\/div>\n\t\t","protected":false},"excerpt":{"rendered":"<p>Quir\u00f3fanos inteligentes Reservar una llamada Quiero m\u00e1s informaci\u00f3n Acerca del servicio Implementamos quir\u00f3fanos inteligentes que transforman la atenci\u00f3n quir\u00fargica. Con tecnolog\u00eda innovadora, nuestros quir\u00f3fanos ofrecen una gesti\u00f3n optimizada y un entorno seguro para pacientes y personal m\u00e9dico. La integraci\u00f3n de sistemas de comunicaci\u00f3n y monitoreo permite una toma de decisiones r\u00e1pida y precisa, asegurando resultados [&hellip;]<\/p>\n","protected":false},"author":1,"featured_media":0,"parent":0,"menu_order":0,"comment_status":"closed","ping_status":"closed","template":"elementor_header_footer","meta":{"_joinchat":[],"footnotes":""},"class_list":["post-1056","page","type-page","status-publish","hentry"],"yoast_head":"<!-- This site is optimized with the Yoast SEO plugin v24.8.1 - https:\/\/yoast.com\/wordpress\/plugins\/seo\/ -->\n<title>Quir\u00f3fanos inteligentes - OpenSignal<\/title>\n<meta name=\"robots\" content=\"index, follow, max-snippet:-1, max-image-preview:large, max-video-preview:-1\" \/>\n<link rel=\"canonical\" href=\"https:\/\/test.addabra.com\/opensignal\/index.php\/quirofanos-inteligentes\/\" \/>\n<meta property=\"og:locale\" content=\"es_MX\" \/>\n<meta property=\"og:type\" content=\"article\" \/>\n<meta property=\"og:title\" content=\"Quir\u00f3fanos inteligentes - OpenSignal\" \/>\n<meta property=\"og:description\" content=\"Quir\u00f3fanos inteligentes Reservar una llamada Quiero m\u00e1s informaci\u00f3n Acerca del servicio Implementamos quir\u00f3fanos inteligentes que transforman la atenci\u00f3n quir\u00fargica. Con tecnolog\u00eda innovadora, nuestros quir\u00f3fanos ofrecen una gesti\u00f3n optimizada y un entorno seguro para pacientes y personal m\u00e9dico. La integraci\u00f3n de sistemas de comunicaci\u00f3n y monitoreo permite una toma de decisiones r\u00e1pida y precisa, asegurando resultados [&hellip;]\" \/>\n<meta property=\"og:url\" content=\"https:\/\/test.addabra.com\/opensignal\/index.php\/quirofanos-inteligentes\/\" \/>\n<meta property=\"og:site_name\" content=\"OpenSignal\" \/>\n<meta property=\"article:modified_time\" content=\"2025-03-05T23:19:08+00:00\" \/>\n<meta name=\"twitter:card\" content=\"summary_large_image\" \/>\n<meta name=\"twitter:label1\" content=\"Tiempo de lectura\" \/>\n\t<meta name=\"twitter:data1\" content=\"1 minuto\" \/>\n<script type=\"application\/ld+json\" class=\"yoast-schema-graph\">{\"@context\":\"https:\/\/schema.org\",\"@graph\":[{\"@type\":\"WebPage\",\"@id\":\"https:\/\/test.addabra.com\/opensignal\/index.php\/quirofanos-inteligentes\/\",\"url\":\"https:\/\/test.addabra.com\/opensignal\/index.php\/quirofanos-inteligentes\/\",\"name\":\"Quir\u00f3fanos inteligentes - OpenSignal\",\"isPartOf\":{\"@id\":\"https:\/\/test.addabra.com\/opensignal\/#website\"},\"datePublished\":\"2025-03-05T23:00:19+00:00\",\"dateModified\":\"2025-03-05T23:19:08+00:00\",\"breadcrumb\":{\"@id\":\"https:\/\/test.addabra.com\/opensignal\/index.php\/quirofanos-inteligentes\/#breadcrumb\"},\"inLanguage\":\"es\",\"potentialAction\":[{\"@type\":\"ReadAction\",\"target\":[\"https:\/\/test.addabra.com\/opensignal\/index.php\/quirofanos-inteligentes\/\"]}]},{\"@type\":\"BreadcrumbList\",\"@id\":\"https:\/\/test.addabra.com\/opensignal\/index.php\/quirofanos-inteligentes\/#breadcrumb\",\"itemListElement\":[{\"@type\":\"ListItem\",\"position\":1,\"name\":\"Inicio\",\"item\":\"https:\/\/test.addabra.com\/opensignal\/\"},{\"@type\":\"ListItem\",\"position\":2,\"name\":\"Quir\u00f3fanos inteligentes\"}]},{\"@type\":\"WebSite\",\"@id\":\"https:\/\/test.addabra.com\/opensignal\/#website\",\"url\":\"https:\/\/test.addabra.com\/opensignal\/\",\"name\":\"OpenSignal\",\"description\":\"\",\"potentialAction\":[{\"@type\":\"SearchAction\",\"target\":{\"@type\":\"EntryPoint\",\"urlTemplate\":\"https:\/\/test.addabra.com\/opensignal\/?s={search_term_string}\"},\"query-input\":{\"@type\":\"PropertyValueSpecification\",\"valueRequired\":true,\"valueName\":\"search_term_string\"}}],\"inLanguage\":\"es\"}]}<\/script>\n<!-- \/ Yoast SEO plugin. -->","yoast_head_json":{"title":"Quir\u00f3fanos inteligentes - OpenSignal","robots":{"index":"index","follow":"follow","max-snippet":"max-snippet:-1","max-image-preview":"max-image-preview:large","max-video-preview":"max-video-preview:-1"},"canonical":"https:\/\/test.addabra.com\/opensignal\/index.php\/quirofanos-inteligentes\/","og_locale":"es_MX","og_type":"article","og_title":"Quir\u00f3fanos inteligentes - OpenSignal","og_description":"Quir\u00f3fanos inteligentes Reservar una llamada Quiero m\u00e1s informaci\u00f3n Acerca del servicio Implementamos quir\u00f3fanos inteligentes que transforman la atenci\u00f3n quir\u00fargica. Con tecnolog\u00eda innovadora, nuestros quir\u00f3fanos ofrecen una gesti\u00f3n optimizada y un entorno seguro para pacientes y personal m\u00e9dico. La integraci\u00f3n de sistemas de comunicaci\u00f3n y monitoreo permite una toma de decisiones r\u00e1pida y precisa, asegurando resultados [&hellip;]","og_url":"https:\/\/test.addabra.com\/opensignal\/index.php\/quirofanos-inteligentes\/","og_site_name":"OpenSignal","article_modified_time":"2025-03-05T23:19:08+00:00","twitter_card":"summary_large_image","twitter_misc":{"Tiempo de lectura":"1 minuto"},"schema":{"@context":"https:\/\/schema.org","@graph":[{"@type":"WebPage","@id":"https:\/\/test.addabra.com\/opensignal\/index.php\/quirofanos-inteligentes\/","url":"https:\/\/test.addabra.com\/opensignal\/index.php\/quirofanos-inteligentes\/","name":"Quir\u00f3fanos inteligentes - OpenSignal","isPartOf":{"@id":"https:\/\/test.addabra.com\/opensignal\/#website"},"datePublished":"2025-03-05T23:00:19+00:00","dateModified":"2025-03-05T23:19:08+00:00","breadcrumb":{"@id":"https:\/\/test.addabra.com\/opensignal\/index.php\/quirofanos-inteligentes\/#breadcrumb"},"inLanguage":"es","potentialAction":[{"@type":"ReadAction","target":["https:\/\/test.addabra.com\/opensignal\/index.php\/quirofanos-inteligentes\/"]}]},{"@type":"BreadcrumbList","@id":"https:\/\/test.addabra.com\/opensignal\/index.php\/quirofanos-inteligentes\/#breadcrumb","itemListElement":[{"@type":"ListItem","position":1,"name":"Inicio","item":"https:\/\/test.addabra.com\/opensignal\/"},{"@type":"ListItem","position":2,"name":"Quir\u00f3fanos inteligentes"}]},{"@type":"WebSite","@id":"https:\/\/test.addabra.com\/opensignal\/#website","url":"https:\/\/test.addabra.com\/opensignal\/","name":"OpenSignal","description":"","potentialAction":[{"@type":"SearchAction","target":{"@type":"EntryPoint","urlTemplate":"https:\/\/test.addabra.com\/opensignal\/?s={search_term_string}"},"query-input":{"@type":"PropertyValueSpecification","valueRequired":true,"valueName":"search_term_string"}}],"inLanguage":"es"}]}},"_links":{"self":[{"href":"https:\/\/test.addabra.com\/opensignal\/index.php\/wp-json\/wp\/v2\/pages\/1056","targetHints":{"allow":["GET"]}}],"collection":[{"href":"https:\/\/test.addabra.com\/opensignal\/index.php\/wp-json\/wp\/v2\/pages"}],"about":[{"href":"https:\/\/test.addabra.com\/opensignal\/index.php\/wp-json\/wp\/v2\/types\/page"}],"author":[{"embeddable":true,"href":"https:\/\/test.addabra.com\/opensignal\/index.php\/wp-json\/wp\/v2\/users\/1"}],"replies":[{"embeddable":true,"href":"https:\/\/test.addabra.com\/opensignal\/index.php\/wp-json\/wp\/v2\/comments?post=1056"}],"version-history":[{"count":25,"href":"https:\/\/test.addabra.com\/opensignal\/index.php\/wp-json\/wp\/v2\/pages\/1056\/revisions"}],"predecessor-version":[{"id":1123,"href":"https:\/\/test.addabra.com\/opensignal\/index.php\/wp-json\/wp\/v2\/pages\/1056\/revisions\/1123"}],"wp:attachment":[{"href":"https:\/\/test.addabra.com\/opensignal\/index.php\/wp-json\/wp\/v2\/media?parent=1056"}],"curies":[{"name":"wp","href":"https:\/\/api.w.org\/{rel}","templated":true}]}}