{"id":339,"date":"2025-02-05T18:37:42","date_gmt":"2025-02-05T18:37:42","guid":{"rendered":"https:\/\/test.addabra.com\/opensignal\/?page_id=339"},"modified":"2025-03-05T23:22:36","modified_gmt":"2025-03-05T23:22:36","slug":"audio","status":"publish","type":"page","link":"https:\/\/test.addabra.com\/opensignal\/index.php\/audio\/","title":{"rendered":"Audio residencial Hi-Fi"},"content":{"rendered":"\t\t<div data-elementor-type=\"wp-page\" data-elementor-id=\"339\" class=\"elementor elementor-339\">\n\t\t\t\t\t\t<section class=\"elementor-section elementor-top-section elementor-element elementor-element-3cc99cfd elementor-section-boxed elementor-section-height-default elementor-section-height-default\" data-id=\"3cc99cfd\" data-element_type=\"section\" data-settings=\"{&quot;background_background&quot;:&quot;classic&quot;,&quot;shape_divider_bottom&quot;:&quot;tilt&quot;}\">\n\t\t\t\t\t\t\t<div class=\"elementor-background-overlay\"><\/div>\n\t\t\t\t\t\t<div class=\"elementor-shape elementor-shape-bottom\" data-negative=\"false\">\n\t\t\t<svg xmlns=\"http:\/\/www.w3.org\/2000\/svg\" viewBox=\"0 0 1000 100\" preserveAspectRatio=\"none\">\n\t<path class=\"elementor-shape-fill\" d=\"M0,6V0h1000v100L0,6z\"\/>\n<\/svg>\t\t<\/div>\n\t\t\t\t\t<div class=\"elementor-container elementor-column-gap-no\">\n\t\t\t\t\t<div class=\"elementor-column elementor-col-100 elementor-top-column elementor-element elementor-element-7f8a0f46\" data-id=\"7f8a0f46\" data-element_type=\"column\">\n\t\t\t<div class=\"elementor-widget-wrap elementor-element-populated\">\n\t\t\t\t\t\t<div class=\"elementor-element elementor-element-78ffd88c elementor-widget elementor-widget-heading\" data-id=\"78ffd88c\" data-element_type=\"widget\" data-widget_type=\"heading.default\">\n\t\t\t\t<div class=\"elementor-widget-container\">\n\t\t\t\t\t<h2 class=\"elementor-heading-title elementor-size-default\">Audio residencial Hi-Fi<\/h2>\t\t\t\t<\/div>\n\t\t\t\t<\/div>\n\t\t\t\t<div class=\"elementor-element elementor-element-2244837 elementor-widget__width-auto elementor-widget-mobile__width-inherit elementor-widget elementor-widget-jkit_button\" data-id=\"2244837\" data-element_type=\"widget\" data-widget_type=\"jkit_button.default\">\n\t\t\t\t<div class=\"elementor-widget-container\">\n\t\t\t\t\t<div  class=\"jeg-elementor-kit jkit-button  icon-position-before jeg_module___69e108b71e286\" ><a href=\"\" class=\"jkit-button-wrapper\"><i aria-hidden=\"true\" class=\"jki jki-phone-line\"><\/i>Reservar una llamada<\/a><\/div>\t\t\t\t<\/div>\n\t\t\t\t<\/div>\n\t\t\t\t<div class=\"elementor-element elementor-element-22d1ea9 elementor-widget__width-auto elementor-widget-mobile__width-inherit elementor-widget elementor-widget-jkit_button\" data-id=\"22d1ea9\" data-element_type=\"widget\" data-widget_type=\"jkit_button.default\">\n\t\t\t\t<div class=\"elementor-widget-container\">\n\t\t\t\t\t<div  class=\"jeg-elementor-kit jkit-button  icon-position-before jeg_module__1_69e108b71e932\" ><a href=\"https:\/\/test.addabra.com\/opensignal\/index.php\/contacto\/\" class=\"jkit-button-wrapper\"><i aria-hidden=\"true\" class=\"jki jki-envelope1-light\"><\/i>Quiero m\u00e1s informaci\u00f3n<\/a><\/div>\t\t\t\t<\/div>\n\t\t\t\t<\/div>\n\t\t\t\t\t<\/div>\n\t\t<\/div>\n\t\t\t\t\t<\/div>\n\t\t<\/section>\n\t\t<div class=\"elementor-element elementor-element-47e7bfc e-flex e-con-boxed e-con e-parent\" data-id=\"47e7bfc\" data-element_type=\"container\">\n\t\t\t\t\t<div class=\"e-con-inner\">\n\t\t<div class=\"elementor-element elementor-element-28377a9 e-con-full e-flex e-con e-child\" data-id=\"28377a9\" data-element_type=\"container\">\n\t\t\t\t<div class=\"elementor-element elementor-element-3a0be9a elementor-widget elementor-widget-heading\" data-id=\"3a0be9a\" data-element_type=\"widget\" data-widget_type=\"heading.default\">\n\t\t\t\t<div class=\"elementor-widget-container\">\n\t\t\t\t\t<h5 class=\"elementor-heading-title elementor-size-default\">Acerca del servicio<\/h5>\t\t\t\t<\/div>\n\t\t\t\t<\/div>\n\t\t\t\t<div class=\"elementor-element elementor-element-cf2adb5 elementor-widget elementor-widget-text-editor\" data-id=\"cf2adb5\" data-element_type=\"widget\" data-widget_type=\"text-editor.default\">\n\t\t\t\t<div class=\"elementor-widget-container\">\n\t\t\t\t\t\t\t\t\t<p>En <strong>OpenSignal<\/strong>, nos especializamos en ofrecer soluciones de audio de alta calidad para diversos entornos, incluyendo industriales, comerciales y p\u00fablicos. Nuestros sistemas est\u00e1n dise\u00f1ados para transmitir mensajes claros en tiempo real, mejorando significativamente la comunicaci\u00f3n en su organizaci\u00f3n.<\/p>\t\t\t\t\t\t\t\t<\/div>\n\t\t\t\t<\/div>\n\t\t\t\t<div class=\"elementor-element elementor-element-0c09b57 elementor-widget elementor-widget-heading\" data-id=\"0c09b57\" data-element_type=\"widget\" data-widget_type=\"heading.default\">\n\t\t\t\t<div class=\"elementor-widget-container\">\n\t\t\t\t\t<h5 class=\"elementor-heading-title elementor-size-default\">Marcas que distribuimos:<\/h5>\t\t\t\t<\/div>\n\t\t\t\t<\/div>\n\t\t<div class=\"elementor-element elementor-element-15b1ce7 e-con-full e-flex e-con e-child\" data-id=\"15b1ce7\" data-element_type=\"container\">\n\t\t\t\t<div class=\"elementor-element elementor-element-66152ce elementor-widget__width-initial elementor-widget elementor-widget-image\" data-id=\"66152ce\" data-element_type=\"widget\" data-widget_type=\"image.default\">\n\t\t\t\t<div class=\"elementor-widget-container\">\n\t\t\t\t\t\t\t\t\t\t\t\t\t\t\t<img fetchpriority=\"high\" decoding=\"async\" width=\"554\" height=\"256\" src=\"https:\/\/test.addabra.com\/opensignal\/wp-content\/uploads\/2025\/02\/klipsch-1.png\" class=\"attachment-full size-full wp-image-177\" alt=\"\" srcset=\"https:\/\/test.addabra.com\/opensignal\/wp-content\/uploads\/2025\/02\/klipsch-1.png 554w, https:\/\/test.addabra.com\/opensignal\/wp-content\/uploads\/2025\/02\/klipsch-1-300x139.png 300w\" sizes=\"(max-width: 554px) 100vw, 554px\" \/>\t\t\t\t\t\t\t\t\t\t\t\t\t\t\t<\/div>\n\t\t\t\t<\/div>\n\t\t\t\t<div class=\"elementor-element elementor-element-4190d0a elementor-widget__width-initial elementor-widget elementor-widget-image\" data-id=\"4190d0a\" data-element_type=\"widget\" data-widget_type=\"image.default\">\n\t\t\t\t<div class=\"elementor-widget-container\">\n\t\t\t\t\t\t\t\t\t\t\t\t\t\t\t<img decoding=\"async\" width=\"554\" height=\"256\" src=\"https:\/\/test.addabra.com\/opensignal\/wp-content\/uploads\/2025\/02\/bose.png\" class=\"attachment-full size-full wp-image-171\" alt=\"\" srcset=\"https:\/\/test.addabra.com\/opensignal\/wp-content\/uploads\/2025\/02\/bose.png 554w, https:\/\/test.addabra.com\/opensignal\/wp-content\/uploads\/2025\/02\/bose-300x139.png 300w\" sizes=\"(max-width: 554px) 100vw, 554px\" \/>\t\t\t\t\t\t\t\t\t\t\t\t\t\t\t<\/div>\n\t\t\t\t<\/div>\n\t\t\t\t<div class=\"elementor-element elementor-element-9183632 elementor-widget__width-initial elementor-widget elementor-widget-image\" data-id=\"9183632\" data-element_type=\"widget\" data-widget_type=\"image.default\">\n\t\t\t\t<div class=\"elementor-widget-container\">\n\t\t\t\t\t\t\t\t\t\t\t\t\t\t\t<img decoding=\"async\" width=\"554\" height=\"256\" src=\"https:\/\/test.addabra.com\/opensignal\/wp-content\/uploads\/2025\/02\/jbl.png\" class=\"attachment-full size-full wp-image-176\" alt=\"\" srcset=\"https:\/\/test.addabra.com\/opensignal\/wp-content\/uploads\/2025\/02\/jbl.png 554w, https:\/\/test.addabra.com\/opensignal\/wp-content\/uploads\/2025\/02\/jbl-300x139.png 300w\" sizes=\"(max-width: 554px) 100vw, 554px\" \/>\t\t\t\t\t\t\t\t\t\t\t\t\t\t\t<\/div>\n\t\t\t\t<\/div>\n\t\t\t\t<\/div>\n\t\t<div class=\"elementor-element elementor-element-4afc342 e-con-full e-flex e-con e-child\" data-id=\"4afc342\" data-element_type=\"container\" data-settings=\"{&quot;background_background&quot;:&quot;classic&quot;}\">\n\t\t\t\t<div class=\"elementor-element elementor-element-d397f86 elementor-widget__width-inherit elementor-widget elementor-widget-heading\" data-id=\"d397f86\" data-element_type=\"widget\" data-widget_type=\"heading.default\">\n\t\t\t\t<div class=\"elementor-widget-container\">\n\t\t\t\t\t<h5 class=\"elementor-heading-title elementor-size-default\">Beneficios de nuestros sistemas de audio:<\/h5>\t\t\t\t<\/div>\n\t\t\t\t<\/div>\n\t\t\t\t<div class=\"elementor-element elementor-element-302de4d elementor-widget__width-initial elementor-view-default elementor-position-top elementor-mobile-position-top elementor-widget elementor-widget-icon-box\" data-id=\"302de4d\" data-element_type=\"widget\" data-widget_type=\"icon-box.default\">\n\t\t\t\t<div class=\"elementor-widget-container\">\n\t\t\t\t\t\t\t<div class=\"elementor-icon-box-wrapper\">\n\n\t\t\t\t\t\t<div class=\"elementor-icon-box-icon\">\n\t\t\t\t<span  class=\"elementor-icon\">\n\t\t\t\t<i aria-hidden=\"true\" class=\"jki jki-speakers-light\"><\/i>\t\t\t\t<\/span>\n\t\t\t<\/div>\n\t\t\t\n\t\t\t\t\t\t<div class=\"elementor-icon-box-content\">\n\n\t\t\t\t\t\t\t\t\t<h3 class=\"elementor-icon-box-title\">\n\t\t\t\t\t\t<span  >\n\t\t\t\t\t\t\tClaridad de sonido\t\t\t\t\t\t<\/span>\n\t\t\t\t\t<\/h3>\n\t\t\t\t\n\t\t\t\t\t\t\t\t\t<p class=\"elementor-icon-box-description\">\n\t\t\t\t\t\tAseguramos que cada mensaje se escuche con nitidez, reduciendo malentendidos.\t\t\t\t\t<\/p>\n\t\t\t\t\n\t\t\t<\/div>\n\t\t\t\n\t\t<\/div>\n\t\t\t\t\t\t<\/div>\n\t\t\t\t<\/div>\n\t\t\t\t<div class=\"elementor-element elementor-element-339e039 elementor-widget__width-initial elementor-widget-mobile__width-initial elementor-view-default elementor-position-top elementor-mobile-position-top elementor-widget elementor-widget-icon-box\" data-id=\"339e039\" data-element_type=\"widget\" data-widget_type=\"icon-box.default\">\n\t\t\t\t<div class=\"elementor-widget-container\">\n\t\t\t\t\t\t\t<div class=\"elementor-icon-box-wrapper\">\n\n\t\t\t\t\t\t<div class=\"elementor-icon-box-icon\">\n\t\t\t\t<span  class=\"elementor-icon\">\n\t\t\t\t<i aria-hidden=\"true\" class=\"jki jki-listing-light\"><\/i>\t\t\t\t<\/span>\n\t\t\t<\/div>\n\t\t\t\n\t\t\t\t\t\t<div class=\"elementor-icon-box-content\">\n\n\t\t\t\t\t\t\t\t\t<h3 class=\"elementor-icon-box-title\">\n\t\t\t\t\t\t<span  >\n\t\t\t\t\t\t\tIntegraci\u00f3n personalizada\t\t\t\t\t\t<\/span>\n\t\t\t\t\t<\/h3>\n\t\t\t\t\n\t\t\t\t\t\t\t\t\t<p class=\"elementor-icon-box-description\">\n\t\t\t\t\t\tAdaptamos nuestros sistemas a las necesidades espec\u00edficas de su espacio y requerimientos.\t\t\t\t\t<\/p>\n\t\t\t\t\n\t\t\t<\/div>\n\t\t\t\n\t\t<\/div>\n\t\t\t\t\t\t<\/div>\n\t\t\t\t<\/div>\n\t\t\t\t<div class=\"elementor-element elementor-element-99ce68f elementor-widget__width-initial elementor-widget-mobile__width-initial elementor-view-default elementor-position-top elementor-mobile-position-top elementor-widget elementor-widget-icon-box\" data-id=\"99ce68f\" data-element_type=\"widget\" data-widget_type=\"icon-box.default\">\n\t\t\t\t<div class=\"elementor-widget-container\">\n\t\t\t\t\t\t\t<div class=\"elementor-icon-box-wrapper\">\n\n\t\t\t\t\t\t<div class=\"elementor-icon-box-icon\">\n\t\t\t\t<span  class=\"elementor-icon\">\n\t\t\t\t<i aria-hidden=\"true\" class=\"jki jki-customer-support-2-light\"><\/i>\t\t\t\t<\/span>\n\t\t\t<\/div>\n\t\t\t\n\t\t\t\t\t\t<div class=\"elementor-icon-box-content\">\n\n\t\t\t\t\t\t\t\t\t<h3 class=\"elementor-icon-box-title\">\n\t\t\t\t\t\t<span  >\n\t\t\t\t\t\t\tSoporte t\u00e9cnico especializado\t\t\t\t\t\t<\/span>\n\t\t\t\t\t<\/h3>\n\t\t\t\t\n\t\t\t\t\t\t\t\t\t<p class=\"elementor-icon-box-description\">\n\t\t\t\t\t\tNuestro equipo est\u00e1 disponible para brindar asistencia y mantenimiento continuo.\t\t\t\t\t<\/p>\n\t\t\t\t\n\t\t\t<\/div>\n\t\t\t\n\t\t<\/div>\n\t\t\t\t\t\t<\/div>\n\t\t\t\t<\/div>\n\t\t\t\t<\/div>\n\t\t\t\t<\/div>\n\t\t<div class=\"elementor-element elementor-element-2299440 e-con-full e-flex e-con e-child\" data-id=\"2299440\" data-element_type=\"container\">\n\t\t\t\t<div class=\"elementor-element elementor-element-6f3d3f0 elementor-widget elementor-widget-heading\" data-id=\"6f3d3f0\" data-element_type=\"widget\" data-widget_type=\"heading.default\">\n\t\t\t\t<div class=\"elementor-widget-container\">\n\t\t\t\t\t<h2 class=\"elementor-heading-title elementor-size-default\">Otros servicios<\/h2>\t\t\t\t<\/div>\n\t\t\t\t<\/div>\n\t\t\t\t<div class=\"elementor-element elementor-element-e6cd82b list-services elementor-icon-list--layout-traditional elementor-list-item-link-full_width elementor-widget elementor-widget-icon-list\" data-id=\"e6cd82b\" data-element_type=\"widget\" data-widget_type=\"icon-list.default\">\n\t\t\t\t<div class=\"elementor-widget-container\">\n\t\t\t\t\t\t\t<ul class=\"elementor-icon-list-items\">\n\t\t\t\t\t\t\t<li class=\"elementor-icon-list-item\">\n\t\t\t\t\t\t\t\t\t\t\t<a href=\"https:\/\/test.addabra.com\/opensignal\/index.php\/audio\/\">\n\n\t\t\t\t\t\t\t\t\t\t\t<span class=\"elementor-icon-list-text\"><span>Audio residencial Hi-Fi<\/span><\/span>\n\t\t\t\t\t\t\t\t\t\t\t<\/a>\n\t\t\t\t\t\t\t\t\t<\/li>\n\t\t\t\t\t\t\t\t<li class=\"elementor-icon-list-item\">\n\t\t\t\t\t\t\t\t\t\t\t<a href=\"https:\/\/test.addabra.com\/opensignal\/index.php\/bms\/\">\n\n\t\t\t\t\t\t\t\t\t\t\t<span class=\"elementor-icon-list-text\">BMS<\/span>\n\t\t\t\t\t\t\t\t\t\t\t<\/a>\n\t\t\t\t\t\t\t\t\t<\/li>\n\t\t\t\t\t\t\t\t<li class=\"elementor-icon-list-item\">\n\t\t\t\t\t\t\t\t\t\t\t<a href=\"https:\/\/test.addabra.com\/opensignal\/index.php\/deteccion-de-humo\/\">\n\n\t\t\t\t\t\t\t\t\t\t\t<span class=\"elementor-icon-list-text\">Detecci\u00f3n de humo<\/span>\n\t\t\t\t\t\t\t\t\t\t\t<\/a>\n\t\t\t\t\t\t\t\t\t<\/li>\n\t\t\t\t\t\t\t\t<li class=\"elementor-icon-list-item\">\n\t\t\t\t\t\t\t\t\t\t\t<a href=\"https:\/\/test.addabra.com\/opensignal\/index.php\/cctv\/\">\n\n\t\t\t\t\t\t\t\t\t\t\t<span class=\"elementor-icon-list-text\">CCTV<\/span>\n\t\t\t\t\t\t\t\t\t\t\t<\/a>\n\t\t\t\t\t\t\t\t\t<\/li>\n\t\t\t\t\t\t\t\t<li class=\"elementor-icon-list-item\">\n\t\t\t\t\t\t\t\t\t\t\t<a href=\"https:\/\/test.addabra.com\/opensignal\/index.php\/networking\/\">\n\n\t\t\t\t\t\t\t\t\t\t\t<span class=\"elementor-icon-list-text\">Networking<\/span>\n\t\t\t\t\t\t\t\t\t\t\t<\/a>\n\t\t\t\t\t\t\t\t\t<\/li>\n\t\t\t\t\t\t\t\t<li class=\"elementor-icon-list-item\">\n\t\t\t\t\t\t\t\t\t\t\t<a href=\"https:\/\/test.addabra.com\/opensignal\/index.php\/control-de-acceso\/\">\n\n\t\t\t\t\t\t\t\t\t\t\t<span class=\"elementor-icon-list-text\">Control de acceso<\/span>\n\t\t\t\t\t\t\t\t\t\t\t<\/a>\n\t\t\t\t\t\t\t\t\t<\/li>\n\t\t\t\t\t\t\t\t<li class=\"elementor-icon-list-item\">\n\t\t\t\t\t\t\t\t\t\t\t<a href=\"https:\/\/test.addabra.com\/opensignal\/index.php\/quirofanos-inteligentes\/\">\n\n\t\t\t\t\t\t\t\t\t\t\t<span class=\"elementor-icon-list-text\">Quir\u00f3fanos inteligentes<\/span>\n\t\t\t\t\t\t\t\t\t\t\t<\/a>\n\t\t\t\t\t\t\t\t\t<\/li>\n\t\t\t\t\t\t\t\t<li class=\"elementor-icon-list-item\">\n\t\t\t\t\t\t\t\t\t\t\t<a href=\"https:\/\/test.addabra.com\/opensignal\/index.php\/paciente-enfermera\/\">\n\n\t\t\t\t\t\t\t\t\t\t\t<span class=\"elementor-icon-list-text\"> Paciente enfermera<\/span>\n\t\t\t\t\t\t\t\t\t\t\t<\/a>\n\t\t\t\t\t\t\t\t\t<\/li>\n\t\t\t\t\t\t<\/ul>\n\t\t\t\t\t\t<\/div>\n\t\t\t\t<\/div>\n\t\t\t\t<div class=\"elementor-element elementor-element-9424a82 elementor-widget elementor-widget-html\" data-id=\"9424a82\" data-element_type=\"widget\" data-widget_type=\"html.default\">\n\t\t\t\t<div class=\"elementor-widget-container\">\n\t\t\t\t\t<style>\n.list-services .elementor-icon-list-item {\n  padding-right: 20px;\n  padding-left: 20px;\n}\n\n.list-services span {\n  color: #E1670D;\n}\n<\/style>\t\t\t\t<\/div>\n\t\t\t\t<\/div>\n\t\t\t\t<\/div>\n\t\t\t\t\t<\/div>\n\t\t\t\t<\/div>\n\t\t\t\t<\/div>\n\t\t","protected":false},"excerpt":{"rendered":"<p>Audio residencial Hi-Fi Reservar una llamada Quiero m\u00e1s informaci\u00f3n Acerca del servicio En OpenSignal, nos especializamos en ofrecer soluciones de audio de alta calidad para diversos entornos, incluyendo industriales, comerciales y p\u00fablicos. Nuestros sistemas est\u00e1n dise\u00f1ados para transmitir mensajes claros en tiempo real, mejorando significativamente la comunicaci\u00f3n en su organizaci\u00f3n. Marcas que distribuimos: Beneficios de [&hellip;]<\/p>\n","protected":false},"author":1,"featured_media":0,"parent":0,"menu_order":0,"comment_status":"closed","ping_status":"closed","template":"elementor_header_footer","meta":{"_joinchat":[],"footnotes":""},"class_list":["post-339","page","type-page","status-publish","hentry"],"yoast_head":"<!-- This site is optimized with the Yoast SEO plugin v24.8.1 - https:\/\/yoast.com\/wordpress\/plugins\/seo\/ -->\n<title>Audio residencial Hi-Fi - OpenSignal<\/title>\n<meta name=\"robots\" content=\"index, follow, max-snippet:-1, max-image-preview:large, max-video-preview:-1\" \/>\n<link rel=\"canonical\" href=\"https:\/\/test.addabra.com\/opensignal\/index.php\/audio\/\" \/>\n<meta property=\"og:locale\" content=\"es_MX\" \/>\n<meta property=\"og:type\" content=\"article\" \/>\n<meta property=\"og:title\" content=\"Audio residencial Hi-Fi - OpenSignal\" \/>\n<meta property=\"og:description\" content=\"Audio residencial Hi-Fi Reservar una llamada Quiero m\u00e1s informaci\u00f3n Acerca del servicio En OpenSignal, nos especializamos en ofrecer soluciones de audio de alta calidad para diversos entornos, incluyendo industriales, comerciales y p\u00fablicos. Nuestros sistemas est\u00e1n dise\u00f1ados para transmitir mensajes claros en tiempo real, mejorando significativamente la comunicaci\u00f3n en su organizaci\u00f3n. Marcas que distribuimos: Beneficios de [&hellip;]\" \/>\n<meta property=\"og:url\" content=\"https:\/\/test.addabra.com\/opensignal\/index.php\/audio\/\" \/>\n<meta property=\"og:site_name\" content=\"OpenSignal\" \/>\n<meta property=\"article:modified_time\" content=\"2025-03-05T23:22:36+00:00\" \/>\n<meta property=\"og:image\" content=\"https:\/\/test.addabra.com\/opensignal\/wp-content\/uploads\/2025\/02\/klipsch-1.png\" \/>\n\t<meta property=\"og:image:width\" content=\"554\" \/>\n\t<meta property=\"og:image:height\" content=\"256\" \/>\n\t<meta property=\"og:image:type\" content=\"image\/png\" \/>\n<meta name=\"twitter:card\" content=\"summary_large_image\" \/>\n<meta name=\"twitter:label1\" content=\"Tiempo de lectura\" \/>\n\t<meta name=\"twitter:data1\" content=\"1 minuto\" \/>\n<script type=\"application\/ld+json\" class=\"yoast-schema-graph\">{\"@context\":\"https:\/\/schema.org\",\"@graph\":[{\"@type\":\"WebPage\",\"@id\":\"https:\/\/test.addabra.com\/opensignal\/index.php\/audio\/\",\"url\":\"https:\/\/test.addabra.com\/opensignal\/index.php\/audio\/\",\"name\":\"Audio residencial Hi-Fi - OpenSignal\",\"isPartOf\":{\"@id\":\"https:\/\/test.addabra.com\/opensignal\/#website\"},\"primaryImageOfPage\":{\"@id\":\"https:\/\/test.addabra.com\/opensignal\/index.php\/audio\/#primaryimage\"},\"image\":{\"@id\":\"https:\/\/test.addabra.com\/opensignal\/index.php\/audio\/#primaryimage\"},\"thumbnailUrl\":\"https:\/\/test.addabra.com\/opensignal\/wp-content\/uploads\/2025\/02\/klipsch-1.png\",\"datePublished\":\"2025-02-05T18:37:42+00:00\",\"dateModified\":\"2025-03-05T23:22:36+00:00\",\"breadcrumb\":{\"@id\":\"https:\/\/test.addabra.com\/opensignal\/index.php\/audio\/#breadcrumb\"},\"inLanguage\":\"es\",\"potentialAction\":[{\"@type\":\"ReadAction\",\"target\":[\"https:\/\/test.addabra.com\/opensignal\/index.php\/audio\/\"]}]},{\"@type\":\"ImageObject\",\"inLanguage\":\"es\",\"@id\":\"https:\/\/test.addabra.com\/opensignal\/index.php\/audio\/#primaryimage\",\"url\":\"https:\/\/test.addabra.com\/opensignal\/wp-content\/uploads\/2025\/02\/klipsch-1.png\",\"contentUrl\":\"https:\/\/test.addabra.com\/opensignal\/wp-content\/uploads\/2025\/02\/klipsch-1.png\",\"width\":554,\"height\":256},{\"@type\":\"BreadcrumbList\",\"@id\":\"https:\/\/test.addabra.com\/opensignal\/index.php\/audio\/#breadcrumb\",\"itemListElement\":[{\"@type\":\"ListItem\",\"position\":1,\"name\":\"Inicio\",\"item\":\"https:\/\/test.addabra.com\/opensignal\/\"},{\"@type\":\"ListItem\",\"position\":2,\"name\":\"Audio residencial Hi-Fi\"}]},{\"@type\":\"WebSite\",\"@id\":\"https:\/\/test.addabra.com\/opensignal\/#website\",\"url\":\"https:\/\/test.addabra.com\/opensignal\/\",\"name\":\"OpenSignal\",\"description\":\"\",\"potentialAction\":[{\"@type\":\"SearchAction\",\"target\":{\"@type\":\"EntryPoint\",\"urlTemplate\":\"https:\/\/test.addabra.com\/opensignal\/?s={search_term_string}\"},\"query-input\":{\"@type\":\"PropertyValueSpecification\",\"valueRequired\":true,\"valueName\":\"search_term_string\"}}],\"inLanguage\":\"es\"}]}<\/script>\n<!-- \/ Yoast SEO plugin. -->","yoast_head_json":{"title":"Audio residencial Hi-Fi - OpenSignal","robots":{"index":"index","follow":"follow","max-snippet":"max-snippet:-1","max-image-preview":"max-image-preview:large","max-video-preview":"max-video-preview:-1"},"canonical":"https:\/\/test.addabra.com\/opensignal\/index.php\/audio\/","og_locale":"es_MX","og_type":"article","og_title":"Audio residencial Hi-Fi - OpenSignal","og_description":"Audio residencial Hi-Fi Reservar una llamada Quiero m\u00e1s informaci\u00f3n Acerca del servicio En OpenSignal, nos especializamos en ofrecer soluciones de audio de alta calidad para diversos entornos, incluyendo industriales, comerciales y p\u00fablicos. Nuestros sistemas est\u00e1n dise\u00f1ados para transmitir mensajes claros en tiempo real, mejorando significativamente la comunicaci\u00f3n en su organizaci\u00f3n. Marcas que distribuimos: Beneficios de [&hellip;]","og_url":"https:\/\/test.addabra.com\/opensignal\/index.php\/audio\/","og_site_name":"OpenSignal","article_modified_time":"2025-03-05T23:22:36+00:00","og_image":[{"width":554,"height":256,"url":"https:\/\/test.addabra.com\/opensignal\/wp-content\/uploads\/2025\/02\/klipsch-1.png","type":"image\/png"}],"twitter_card":"summary_large_image","twitter_misc":{"Tiempo de lectura":"1 minuto"},"schema":{"@context":"https:\/\/schema.org","@graph":[{"@type":"WebPage","@id":"https:\/\/test.addabra.com\/opensignal\/index.php\/audio\/","url":"https:\/\/test.addabra.com\/opensignal\/index.php\/audio\/","name":"Audio residencial Hi-Fi - OpenSignal","isPartOf":{"@id":"https:\/\/test.addabra.com\/opensignal\/#website"},"primaryImageOfPage":{"@id":"https:\/\/test.addabra.com\/opensignal\/index.php\/audio\/#primaryimage"},"image":{"@id":"https:\/\/test.addabra.com\/opensignal\/index.php\/audio\/#primaryimage"},"thumbnailUrl":"https:\/\/test.addabra.com\/opensignal\/wp-content\/uploads\/2025\/02\/klipsch-1.png","datePublished":"2025-02-05T18:37:42+00:00","dateModified":"2025-03-05T23:22:36+00:00","breadcrumb":{"@id":"https:\/\/test.addabra.com\/opensignal\/index.php\/audio\/#breadcrumb"},"inLanguage":"es","potentialAction":[{"@type":"ReadAction","target":["https:\/\/test.addabra.com\/opensignal\/index.php\/audio\/"]}]},{"@type":"ImageObject","inLanguage":"es","@id":"https:\/\/test.addabra.com\/opensignal\/index.php\/audio\/#primaryimage","url":"https:\/\/test.addabra.com\/opensignal\/wp-content\/uploads\/2025\/02\/klipsch-1.png","contentUrl":"https:\/\/test.addabra.com\/opensignal\/wp-content\/uploads\/2025\/02\/klipsch-1.png","width":554,"height":256},{"@type":"BreadcrumbList","@id":"https:\/\/test.addabra.com\/opensignal\/index.php\/audio\/#breadcrumb","itemListElement":[{"@type":"ListItem","position":1,"name":"Inicio","item":"https:\/\/test.addabra.com\/opensignal\/"},{"@type":"ListItem","position":2,"name":"Audio residencial Hi-Fi"}]},{"@type":"WebSite","@id":"https:\/\/test.addabra.com\/opensignal\/#website","url":"https:\/\/test.addabra.com\/opensignal\/","name":"OpenSignal","description":"","potentialAction":[{"@type":"SearchAction","target":{"@type":"EntryPoint","urlTemplate":"https:\/\/test.addabra.com\/opensignal\/?s={search_term_string}"},"query-input":{"@type":"PropertyValueSpecification","valueRequired":true,"valueName":"search_term_string"}}],"inLanguage":"es"}]}},"_links":{"self":[{"href":"https:\/\/test.addabra.com\/opensignal\/index.php\/wp-json\/wp\/v2\/pages\/339","targetHints":{"allow":["GET"]}}],"collection":[{"href":"https:\/\/test.addabra.com\/opensignal\/index.php\/wp-json\/wp\/v2\/pages"}],"about":[{"href":"https:\/\/test.addabra.com\/opensignal\/index.php\/wp-json\/wp\/v2\/types\/page"}],"author":[{"embeddable":true,"href":"https:\/\/test.addabra.com\/opensignal\/index.php\/wp-json\/wp\/v2\/users\/1"}],"replies":[{"embeddable":true,"href":"https:\/\/test.addabra.com\/opensignal\/index.php\/wp-json\/wp\/v2\/comments?post=339"}],"version-history":[{"count":125,"href":"https:\/\/test.addabra.com\/opensignal\/index.php\/wp-json\/wp\/v2\/pages\/339\/revisions"}],"predecessor-version":[{"id":1141,"href":"https:\/\/test.addabra.com\/opensignal\/index.php\/wp-json\/wp\/v2\/pages\/339\/revisions\/1141"}],"wp:attachment":[{"href":"https:\/\/test.addabra.com\/opensignal\/index.php\/wp-json\/wp\/v2\/media?parent=339"}],"curies":[{"name":"wp","href":"https:\/\/api.w.org\/{rel}","templated":true}]}}