{"id":428,"date":"2025-02-07T17:19:17","date_gmt":"2025-02-07T17:19:17","guid":{"rendered":"https:\/\/test.addabra.com\/opensignal\/?page_id=428"},"modified":"2025-03-05T23:29:14","modified_gmt":"2025-03-05T23:29:14","slug":"quienes-somos","status":"publish","type":"page","link":"https:\/\/test.addabra.com\/opensignal\/index.php\/quienes-somos\/","title":{"rendered":"Quienes somos"},"content":{"rendered":"\t\t<div data-elementor-type=\"wp-page\" data-elementor-id=\"428\" class=\"elementor elementor-428\">\n\t\t\t\t\t\t<section class=\"elementor-section elementor-top-section elementor-element elementor-element-4a413d3d elementor-section-boxed elementor-section-height-default elementor-section-height-default\" data-id=\"4a413d3d\" data-element_type=\"section\" data-settings=\"{&quot;background_background&quot;:&quot;classic&quot;}\">\n\t\t\t\t\t\t\t<div class=\"elementor-background-overlay\"><\/div>\n\t\t\t\t\t\t\t<div class=\"elementor-container elementor-column-gap-no\">\n\t\t\t\t\t<div class=\"elementor-column elementor-col-100 elementor-top-column elementor-element elementor-element-7e6af2c\" data-id=\"7e6af2c\" data-element_type=\"column\">\n\t\t\t<div class=\"elementor-widget-wrap elementor-element-populated\">\n\t\t\t\t\t\t<div class=\"elementor-element elementor-element-40e3b679 elementor-widget elementor-widget-heading\" data-id=\"40e3b679\" data-element_type=\"widget\" data-widget_type=\"heading.default\">\n\t\t\t\t<div class=\"elementor-widget-container\">\n\t\t\t\t\t<h2 class=\"elementor-heading-title elementor-size-default\">Quienes somos<\/h2>\t\t\t\t<\/div>\n\t\t\t\t<\/div>\n\t\t\t\t\t<\/div>\n\t\t<\/div>\n\t\t\t\t\t<\/div>\n\t\t<\/section>\n\t\t\t\t<section class=\"elementor-section elementor-top-section elementor-element elementor-element-09effc6 elementor-reverse-mobile elementor-section-boxed elementor-section-height-default elementor-section-height-default\" data-id=\"09effc6\" data-element_type=\"section\" data-settings=\"{&quot;background_background&quot;:&quot;classic&quot;}\">\n\t\t\t\t\t\t<div class=\"elementor-container elementor-column-gap-no\">\n\t\t\t\t\t<div class=\"elementor-column elementor-col-50 elementor-top-column elementor-element elementor-element-201aa9f\" data-id=\"201aa9f\" data-element_type=\"column\">\n\t\t\t<div class=\"elementor-widget-wrap elementor-element-populated\">\n\t\t\t\t\t\t<div class=\"elementor-element elementor-element-b1fce93 elementor-widget elementor-widget-image\" data-id=\"b1fce93\" data-element_type=\"widget\" data-widget_type=\"image.default\">\n\t\t\t\t<div class=\"elementor-widget-container\">\n\t\t\t\t\t\t\t\t\t\t\t\t\t\t\t<img fetchpriority=\"high\" decoding=\"async\" width=\"1200\" height=\"1600\" src=\"https:\/\/test.addabra.com\/opensignal\/wp-content\/uploads\/2025\/03\/open-signal.jpg\" class=\"attachment-full size-full wp-image-1143\" alt=\"\" srcset=\"https:\/\/test.addabra.com\/opensignal\/wp-content\/uploads\/2025\/03\/open-signal.jpg 1200w, https:\/\/test.addabra.com\/opensignal\/wp-content\/uploads\/2025\/03\/open-signal-225x300.jpg 225w, https:\/\/test.addabra.com\/opensignal\/wp-content\/uploads\/2025\/03\/open-signal-768x1024.jpg 768w, https:\/\/test.addabra.com\/opensignal\/wp-content\/uploads\/2025\/03\/open-signal-1152x1536.jpg 1152w\" sizes=\"(max-width: 1200px) 100vw, 1200px\" \/>\t\t\t\t\t\t\t\t\t\t\t\t\t\t\t<\/div>\n\t\t\t\t<\/div>\n\t\t\t\t<div class=\"elementor-element elementor-element-c2199c0 elementor-hidden-phone elementor-widget__width-initial elementor-absolute elementor-widget elementor-widget-jkit_video_button\" data-id=\"c2199c0\" data-element_type=\"widget\" data-settings=\"{&quot;_position&quot;:&quot;absolute&quot;}\" data-widget_type=\"jkit_video_button.default\">\n\t\t\t\t<div class=\"elementor-widget-container\">\n\t\t\t\t\t<div  class=\"jeg-elementor-kit jkit-video-button jeg_module___69e10d291366f\"  data-autoplay=\"0\" data-loop=\"0\" data-controls=\"0\" data-type=\"youtube\" data-mute=\"0\" data-start=\"0\" data-end=\"0\"><a href=\"https:\/\/www.youtube.com\/watch?v=MLpWrANjFbI\" class=\"jkit-video-popup-btn glow-enable\" aria-label=\"video-button\"><span class=\"icon-position-before\"><i aria-hidden=\"true\" class=\"jki jki-play1-light\"><\/i><\/span><\/a><\/div>\t\t\t\t<\/div>\n\t\t\t\t<\/div>\n\t\t\t\t<section class=\"elementor-section elementor-inner-section elementor-element elementor-element-97f6440 elementor-section-boxed elementor-section-height-default elementor-section-height-default\" data-id=\"97f6440\" data-element_type=\"section\">\n\t\t\t\t\t\t<div class=\"elementor-container elementor-column-gap-default\">\n\t\t\t\t\t<div class=\"elementor-column elementor-col-100 elementor-inner-column elementor-element elementor-element-df83d5f\" data-id=\"df83d5f\" data-element_type=\"column\" data-settings=\"{&quot;background_background&quot;:&quot;classic&quot;}\">\n\t\t\t<div class=\"elementor-widget-wrap elementor-element-populated\">\n\t\t\t\t\t\t<div class=\"elementor-element elementor-element-56eb143 elementor-widget elementor-widget-heading\" data-id=\"56eb143\" data-element_type=\"widget\" data-widget_type=\"heading.default\">\n\t\t\t\t<div class=\"elementor-widget-container\">\n\t\t\t\t\t<h2 class=\"elementor-heading-title elementor-size-default\">M\u00e1s de 500 clientes conf\u00edan en nosotros<\/h2>\t\t\t\t<\/div>\n\t\t\t\t<\/div>\n\t\t\t\t\t<\/div>\n\t\t<\/div>\n\t\t\t\t\t<\/div>\n\t\t<\/section>\n\t\t\t\t\t<\/div>\n\t\t<\/div>\n\t\t\t\t<div class=\"elementor-column elementor-col-50 elementor-top-column elementor-element elementor-element-81adf99\" data-id=\"81adf99\" data-element_type=\"column\">\n\t\t\t<div class=\"elementor-widget-wrap elementor-element-populated\">\n\t\t\t\t\t\t<div class=\"elementor-element elementor-element-866e531 elementor-widget elementor-widget-text-editor\" data-id=\"866e531\" data-element_type=\"widget\" data-widget_type=\"text-editor.default\">\n\t\t\t\t<div class=\"elementor-widget-container\">\n\t\t\t\t\t\t\t\t\t<p>Sobre nosotros<\/p>\t\t\t\t\t\t\t\t<\/div>\n\t\t\t\t<\/div>\n\t\t\t\t<div class=\"elementor-element elementor-element-e4a51fc elementor-widget elementor-widget-heading\" data-id=\"e4a51fc\" data-element_type=\"widget\" data-widget_type=\"heading.default\">\n\t\t\t\t<div class=\"elementor-widget-container\">\n\t\t\t\t\t<h2 class=\"elementor-heading-title elementor-size-default\">Qui\u00e9nes somos<\/h2>\t\t\t\t<\/div>\n\t\t\t\t<\/div>\n\t\t\t\t<div class=\"elementor-element elementor-element-421ac64 elementor-widget elementor-widget-text-editor\" data-id=\"421ac64\" data-element_type=\"widget\" data-widget_type=\"text-editor.default\">\n\t\t\t\t<div class=\"elementor-widget-container\">\n\t\t\t\t\t\t\t\t\t<p><span style=\"font-weight: 400;\">En Open Signal, nos dedicamos a proporcionar soluciones integrales en tecnolog\u00eda de seguridad y conectividad. Con a\u00f1os de experiencia en el sector, somos expertos en la integraci\u00f3n de sistemas de networking, detecci\u00f3n de humo, audio y CCTV, dise\u00f1ados para crear ambientes seguros y funcionales para empresas y hogares.<\/span><\/p><p>En Open Signal, contamos con un equipo de profesionales apasionados y altamente capacitados que se mantienen al d\u00eda con las \u00faltimas tendencias y avances en tecnolog\u00eda. Esto nos permite garantizar que nuestras soluciones sean no solo efectivas, sino tambi\u00e9n innovadoras y sostenibles a largo plazo.<\/p>\t\t\t\t\t\t\t\t<\/div>\n\t\t\t\t<\/div>\n\t\t\t\t\t<\/div>\n\t\t<\/div>\n\t\t\t\t\t<\/div>\n\t\t<\/section>\n\t\t\t\t<section class=\"elementor-section elementor-top-section elementor-element elementor-element-78b43e67 elementor-section-boxed elementor-section-height-default elementor-section-height-default\" data-id=\"78b43e67\" data-element_type=\"section\" data-settings=\"{&quot;background_background&quot;:&quot;classic&quot;}\">\n\t\t\t\t\t\t<div class=\"elementor-container elementor-column-gap-default\">\n\t\t\t\t\t<div class=\"elementor-column elementor-col-100 elementor-top-column elementor-element elementor-element-759927f2\" data-id=\"759927f2\" data-element_type=\"column\" data-settings=\"{&quot;background_background&quot;:&quot;classic&quot;}\">\n\t\t\t<div class=\"elementor-widget-wrap elementor-element-populated\">\n\t\t\t\t\t\t<section class=\"elementor-section elementor-inner-section elementor-element elementor-element-2aae3e54 elementor-section-boxed elementor-section-height-default elementor-section-height-default\" data-id=\"2aae3e54\" data-element_type=\"section\">\n\t\t\t\t\t\t<div class=\"elementor-container elementor-column-gap-no\">\n\t\t\t\t\t<div class=\"elementor-column elementor-col-25 elementor-inner-column elementor-element elementor-element-52f62ba0\" data-id=\"52f62ba0\" data-element_type=\"column\">\n\t\t\t<div class=\"elementor-widget-wrap elementor-element-populated\">\n\t\t\t\t\t\t<div class=\"elementor-element elementor-element-e9bf25 elementor-widget elementor-widget-jkit_fun_fact\" data-id=\"e9bf25\" data-element_type=\"widget\" data-widget_type=\"jkit_fun_fact.default\">\n\t\t\t\t<div class=\"elementor-widget-container\">\n\t\t\t\t\t<div  class=\"jeg-elementor-kit jkit-fun-fact align-center hover-from-left elementor-animation- jeg_module__1_69e10d2914dc8\" ><div class=fun-fact-inner><div class=\"icon elementor-animation-\"><i aria-hidden=\"true\" class=\"jki jki-User-light\"><\/i><\/div>\n            <div class=\"content\">\n                <div class=\"number-wrapper\"><span class=\"prefix\"><\/span>\n        <span class=\"number\" data-value=\"1452\" data-animation-duration=\"3500\">0<\/span>\n        <span class=\"suffix\"><\/span><\/div>\n                <span class=\"title\">Clientes satisfechos<\/span>\n            <\/div>\n        <\/div><\/div>\t\t\t\t<\/div>\n\t\t\t\t<\/div>\n\t\t\t\t\t<\/div>\n\t\t<\/div>\n\t\t\t\t<div class=\"elementor-column elementor-col-25 elementor-inner-column elementor-element elementor-element-727320ed\" data-id=\"727320ed\" data-element_type=\"column\">\n\t\t\t<div class=\"elementor-widget-wrap elementor-element-populated\">\n\t\t\t\t\t\t<div class=\"elementor-element elementor-element-385ea62 elementor-widget elementor-widget-jkit_fun_fact\" data-id=\"385ea62\" data-element_type=\"widget\" data-widget_type=\"jkit_fun_fact.default\">\n\t\t\t\t<div class=\"elementor-widget-container\">\n\t\t\t\t\t<div  class=\"jeg-elementor-kit jkit-fun-fact align-center hover-from-left elementor-animation- jeg_module__2_69e10d291534b\" ><div class=fun-fact-inner><div class=\"icon elementor-animation-\"><i aria-hidden=\"true\" class=\"jki jki-Profile-light\"><\/i><\/div>\n            <div class=\"content\">\n                <div class=\"number-wrapper\"><span class=\"prefix\"><\/span>\n        <span class=\"number\" data-value=\"3452\" data-animation-duration=\"3500\">0<\/span>\n        <span class=\"suffix\"><\/span><\/div>\n                <h5 class=\"title\">Proyectos completados<\/h5>\n            <\/div>\n        <\/div><\/div>\t\t\t\t<\/div>\n\t\t\t\t<\/div>\n\t\t\t\t\t<\/div>\n\t\t<\/div>\n\t\t\t\t<div class=\"elementor-column elementor-col-25 elementor-inner-column elementor-element elementor-element-16b1f6be\" data-id=\"16b1f6be\" data-element_type=\"column\">\n\t\t\t<div class=\"elementor-widget-wrap elementor-element-populated\">\n\t\t\t\t\t\t<div class=\"elementor-element elementor-element-39b5860e elementor-widget elementor-widget-jkit_fun_fact\" data-id=\"39b5860e\" data-element_type=\"widget\" data-widget_type=\"jkit_fun_fact.default\">\n\t\t\t\t<div class=\"elementor-widget-container\">\n\t\t\t\t\t<div  class=\"jeg-elementor-kit jkit-fun-fact align-center hover-from-left elementor-animation- jeg_module__3_69e10d2915845\" ><div class=fun-fact-inner><div class=\"icon elementor-animation-\"><i aria-hidden=\"true\" class=\"jki jki-badge\"><\/i><\/div>\n            <div class=\"content\">\n                <div class=\"number-wrapper\"><span class=\"prefix\"><\/span>\n        <span class=\"number\" data-value=\"15\" data-animation-duration=\"3500\">0<\/span>\n        <span class=\"suffix\"><\/span><\/div>\n                <h5 class=\"title\">A\u00f1os de experiencia<\/h5>\n            <\/div>\n        <\/div><\/div>\t\t\t\t<\/div>\n\t\t\t\t<\/div>\n\t\t\t\t\t<\/div>\n\t\t<\/div>\n\t\t\t\t<div class=\"elementor-column elementor-col-25 elementor-inner-column elementor-element elementor-element-1ad803bf\" data-id=\"1ad803bf\" data-element_type=\"column\">\n\t\t\t<div class=\"elementor-widget-wrap elementor-element-populated\">\n\t\t\t\t\t\t<div class=\"elementor-element elementor-element-615c2796 elementor-widget elementor-widget-jkit_fun_fact\" data-id=\"615c2796\" data-element_type=\"widget\" data-widget_type=\"jkit_fun_fact.default\">\n\t\t\t\t<div class=\"elementor-widget-container\">\n\t\t\t\t\t<div  class=\"jeg-elementor-kit jkit-fun-fact align-center hover-from-left elementor-animation- jeg_module__4_69e10d2915d02\" ><div class=fun-fact-inner><div class=\"icon elementor-animation-\"><i aria-hidden=\"true\" class=\"jki jki-team-2-line\"><\/i><\/div>\n            <div class=\"content\">\n                <div class=\"number-wrapper\"><span class=\"prefix\"><\/span>\n        <span class=\"number\" data-value=\"72\" data-animation-duration=\"3500\">0<\/span>\n        <span class=\"suffix\"><\/span><\/div>\n                <h5 class=\"title\">Colaboradores<\/h5>\n            <\/div>\n        <\/div><\/div>\t\t\t\t<\/div>\n\t\t\t\t<\/div>\n\t\t\t\t\t<\/div>\n\t\t<\/div>\n\t\t\t\t\t<\/div>\n\t\t<\/section>\n\t\t\t\t\t<\/div>\n\t\t<\/div>\n\t\t\t\t\t<\/div>\n\t\t<\/section>\n\t\t<div class=\"elementor-element elementor-element-757ecb7 e-flex e-con-boxed e-con e-parent\" data-id=\"757ecb7\" data-element_type=\"container\">\n\t\t\t\t\t<div class=\"e-con-inner\">\n\t\t<div class=\"elementor-element elementor-element-ef7f6ed e-con-full e-flex e-con e-child\" data-id=\"ef7f6ed\" data-element_type=\"container\">\n\t\t\t\t<div class=\"elementor-element elementor-element-68b2d81 elementor-widget elementor-widget-text-editor\" data-id=\"68b2d81\" data-element_type=\"widget\" data-widget_type=\"text-editor.default\">\n\t\t\t\t<div class=\"elementor-widget-container\">\n\t\t\t\t\t\t\t\t\t<p>Oferta de valor<\/p>\t\t\t\t\t\t\t\t<\/div>\n\t\t\t\t<\/div>\n\t\t\t\t<div class=\"elementor-element elementor-element-1686a4c elementor-widget elementor-widget-jkit_heading\" data-id=\"1686a4c\" data-element_type=\"widget\" data-widget_type=\"jkit_heading.default\">\n\t\t\t\t<div class=\"elementor-widget-container\">\n\t\t\t\t\t<div  class=\"jeg-elementor-kit jkit-heading  align- align-tablet- align-mobile- jeg_module__5_69e10d2916ef1\" ><div class=\"heading-section-title  display-inline-block\"><h2 class=\"heading-title\">Nuestra <span class=\"style-color\"><span>Misi\u00f3n<\/span><\/span><\/h2><\/div><\/div>\t\t\t\t<\/div>\n\t\t\t\t<\/div>\n\t\t\t\t<div class=\"elementor-element elementor-element-b9bcd13 elementor-widget elementor-widget-text-editor\" data-id=\"b9bcd13\" data-element_type=\"widget\" data-widget_type=\"text-editor.default\">\n\t\t\t\t<div class=\"elementor-widget-container\">\n\t\t\t\t\t\t\t\t\t<p>Es ofrecer a nuestros clientes un conjunto de herramientas tecnol\u00f3gicas que no solo protejan sus instalaciones, sino que tambi\u00e9n mejoren la comunicaci\u00f3n y la eficiencia operativa. Creemos que cada proyecto es \u00fanico, por lo que trabajamos en estrecha colaboraci\u00f3n con nuestros clientes para entender sus necesidades y ofrecer soluciones a medida que se alineen con sus objetivos.<\/p>\t\t\t\t\t\t\t\t<\/div>\n\t\t\t\t<\/div>\n\t\t\t\t<div class=\"elementor-element elementor-element-e249a8b elementor-widget elementor-widget-jkit_button\" data-id=\"e249a8b\" data-element_type=\"widget\" data-widget_type=\"jkit_button.default\">\n\t\t\t\t<div class=\"elementor-widget-container\">\n\t\t\t\t\t<div  class=\"jeg-elementor-kit jkit-button  icon-position-before jeg_module__6_69e10d2917c1e\" ><a href=\"https:\/\/test.addabra.com\/opensignal\/index.php\/contacto\/\" class=\"jkit-button-wrapper\"><i aria-hidden=\"true\" class=\"jki jki-envelope1-light\"><\/i>Quiero m\u00e1s informaci\u00f3n<\/a><\/div>\t\t\t\t<\/div>\n\t\t\t\t<\/div>\n\t\t\t\t<\/div>\n\t\t<div class=\"elementor-element elementor-element-f55b3cd e-con-full e-flex e-con e-child\" data-id=\"f55b3cd\" data-element_type=\"container\">\n\t\t\t\t<div class=\"elementor-element elementor-element-dd7ceb3 elementor-view-default elementor-position-top elementor-mobile-position-top elementor-widget elementor-widget-icon-box\" data-id=\"dd7ceb3\" data-element_type=\"widget\" data-widget_type=\"icon-box.default\">\n\t\t\t\t<div class=\"elementor-widget-container\">\n\t\t\t\t\t\t\t<div class=\"elementor-icon-box-wrapper\">\n\n\t\t\t\t\t\t<div class=\"elementor-icon-box-icon\">\n\t\t\t\t<span  class=\"elementor-icon\">\n\t\t\t\t<i aria-hidden=\"true\" class=\"jki jki-support1-light\"><\/i>\t\t\t\t<\/span>\n\t\t\t<\/div>\n\t\t\t\n\t\t\t\t\t\t<div class=\"elementor-icon-box-content\">\n\n\t\t\t\t\t\t\t\t\t<h3 class=\"elementor-icon-box-title\">\n\t\t\t\t\t\t<span  >\n\t\t\t\t\t\t\tSoporte\t\t\t\t\t\t<\/span>\n\t\t\t\t\t<\/h3>\n\t\t\t\t\n\t\t\t\t\t\t\t\t\t<p class=\"elementor-icon-box-description\">\n\t\t\t\t\t\tLorem ipsum dolor sit amet, consectetur adipiscing elit.\t\t\t\t\t<\/p>\n\t\t\t\t\n\t\t\t<\/div>\n\t\t\t\n\t\t<\/div>\n\t\t\t\t\t\t<\/div>\n\t\t\t\t<\/div>\n\t\t\t\t<\/div>\n\t\t<div class=\"elementor-element elementor-element-dfbb4de e-con-full e-flex e-con e-child\" data-id=\"dfbb4de\" data-element_type=\"container\">\n\t\t\t\t<div class=\"elementor-element elementor-element-7877378 elementor-view-default elementor-position-top elementor-mobile-position-top elementor-widget elementor-widget-icon-box\" data-id=\"7877378\" data-element_type=\"widget\" data-widget_type=\"icon-box.default\">\n\t\t\t\t<div class=\"elementor-widget-container\">\n\t\t\t\t\t\t\t<div class=\"elementor-icon-box-wrapper\">\n\n\t\t\t\t\t\t<div class=\"elementor-icon-box-icon\">\n\t\t\t\t<span  class=\"elementor-icon\">\n\t\t\t\t<i aria-hidden=\"true\" class=\"jki jki-badge-light\"><\/i>\t\t\t\t<\/span>\n\t\t\t<\/div>\n\t\t\t\n\t\t\t\t\t\t<div class=\"elementor-icon-box-content\">\n\n\t\t\t\t\t\t\t\t\t<h3 class=\"elementor-icon-box-title\">\n\t\t\t\t\t\t<span  >\n\t\t\t\t\t\t\tGarant\u00eda de 1 a\u00f1o\t\t\t\t\t\t<\/span>\n\t\t\t\t\t<\/h3>\n\t\t\t\t\n\t\t\t\t\t\t\t\t\t<p class=\"elementor-icon-box-description\">\n\t\t\t\t\t\tLorem ipsum dolor sit amet, consectetur adipiscing elit.\t\t\t\t\t<\/p>\n\t\t\t\t\n\t\t\t<\/div>\n\t\t\t\n\t\t<\/div>\n\t\t\t\t\t\t<\/div>\n\t\t\t\t<\/div>\n\t\t\t\t<\/div>\n\t\t\t\t\t<\/div>\n\t\t\t\t<\/div>\n\t\t\t\t<\/div>\n\t\t","protected":false},"excerpt":{"rendered":"<p>Quienes somos M\u00e1s de 500 clientes conf\u00edan en nosotros Sobre nosotros Qui\u00e9nes somos En Open Signal, nos dedicamos a proporcionar soluciones integrales en tecnolog\u00eda de seguridad y conectividad. Con a\u00f1os de experiencia en el sector, somos expertos en la integraci\u00f3n de sistemas de networking, detecci\u00f3n de humo, audio y CCTV, dise\u00f1ados para crear ambientes seguros [&hellip;]<\/p>\n","protected":false},"author":1,"featured_media":0,"parent":0,"menu_order":0,"comment_status":"closed","ping_status":"closed","template":"elementor_header_footer","meta":{"_joinchat":[],"footnotes":""},"class_list":["post-428","page","type-page","status-publish","hentry"],"yoast_head":"<!-- This site is optimized with the Yoast SEO plugin v24.8.1 - https:\/\/yoast.com\/wordpress\/plugins\/seo\/ -->\n<title>Quienes somos - OpenSignal<\/title>\n<meta name=\"robots\" content=\"index, follow, max-snippet:-1, max-image-preview:large, max-video-preview:-1\" \/>\n<link rel=\"canonical\" href=\"https:\/\/test.addabra.com\/opensignal\/index.php\/quienes-somos\/\" \/>\n<meta property=\"og:locale\" content=\"es_MX\" \/>\n<meta property=\"og:type\" content=\"article\" \/>\n<meta property=\"og:title\" content=\"Quienes somos - OpenSignal\" \/>\n<meta property=\"og:description\" content=\"Quienes somos M\u00e1s de 500 clientes conf\u00edan en nosotros Sobre nosotros Qui\u00e9nes somos En Open Signal, nos dedicamos a proporcionar soluciones integrales en tecnolog\u00eda de seguridad y conectividad. Con a\u00f1os de experiencia en el sector, somos expertos en la integraci\u00f3n de sistemas de networking, detecci\u00f3n de humo, audio y CCTV, dise\u00f1ados para crear ambientes seguros [&hellip;]\" \/>\n<meta property=\"og:url\" content=\"https:\/\/test.addabra.com\/opensignal\/index.php\/quienes-somos\/\" \/>\n<meta property=\"og:site_name\" content=\"OpenSignal\" \/>\n<meta property=\"article:modified_time\" content=\"2025-03-05T23:29:14+00:00\" \/>\n<meta property=\"og:image\" content=\"https:\/\/test.addabra.com\/opensignal\/wp-content\/uploads\/2025\/03\/open-signal.jpg\" \/>\n\t<meta property=\"og:image:width\" content=\"1200\" \/>\n\t<meta property=\"og:image:height\" content=\"1600\" \/>\n\t<meta property=\"og:image:type\" content=\"image\/jpeg\" \/>\n<meta name=\"twitter:card\" content=\"summary_large_image\" \/>\n<meta name=\"twitter:label1\" content=\"Tiempo de lectura\" \/>\n\t<meta name=\"twitter:data1\" content=\"2 minutos\" \/>\n<script type=\"application\/ld+json\" class=\"yoast-schema-graph\">{\"@context\":\"https:\/\/schema.org\",\"@graph\":[{\"@type\":\"WebPage\",\"@id\":\"https:\/\/test.addabra.com\/opensignal\/index.php\/quienes-somos\/\",\"url\":\"https:\/\/test.addabra.com\/opensignal\/index.php\/quienes-somos\/\",\"name\":\"Quienes somos - OpenSignal\",\"isPartOf\":{\"@id\":\"https:\/\/test.addabra.com\/opensignal\/#website\"},\"primaryImageOfPage\":{\"@id\":\"https:\/\/test.addabra.com\/opensignal\/index.php\/quienes-somos\/#primaryimage\"},\"image\":{\"@id\":\"https:\/\/test.addabra.com\/opensignal\/index.php\/quienes-somos\/#primaryimage\"},\"thumbnailUrl\":\"https:\/\/test.addabra.com\/opensignal\/wp-content\/uploads\/2025\/03\/open-signal.jpg\",\"datePublished\":\"2025-02-07T17:19:17+00:00\",\"dateModified\":\"2025-03-05T23:29:14+00:00\",\"breadcrumb\":{\"@id\":\"https:\/\/test.addabra.com\/opensignal\/index.php\/quienes-somos\/#breadcrumb\"},\"inLanguage\":\"es\",\"potentialAction\":[{\"@type\":\"ReadAction\",\"target\":[\"https:\/\/test.addabra.com\/opensignal\/index.php\/quienes-somos\/\"]}]},{\"@type\":\"ImageObject\",\"inLanguage\":\"es\",\"@id\":\"https:\/\/test.addabra.com\/opensignal\/index.php\/quienes-somos\/#primaryimage\",\"url\":\"https:\/\/test.addabra.com\/opensignal\/wp-content\/uploads\/2025\/03\/open-signal.jpg\",\"contentUrl\":\"https:\/\/test.addabra.com\/opensignal\/wp-content\/uploads\/2025\/03\/open-signal.jpg\",\"width\":1200,\"height\":1600},{\"@type\":\"BreadcrumbList\",\"@id\":\"https:\/\/test.addabra.com\/opensignal\/index.php\/quienes-somos\/#breadcrumb\",\"itemListElement\":[{\"@type\":\"ListItem\",\"position\":1,\"name\":\"Inicio\",\"item\":\"https:\/\/test.addabra.com\/opensignal\/\"},{\"@type\":\"ListItem\",\"position\":2,\"name\":\"Quienes somos\"}]},{\"@type\":\"WebSite\",\"@id\":\"https:\/\/test.addabra.com\/opensignal\/#website\",\"url\":\"https:\/\/test.addabra.com\/opensignal\/\",\"name\":\"OpenSignal\",\"description\":\"\",\"potentialAction\":[{\"@type\":\"SearchAction\",\"target\":{\"@type\":\"EntryPoint\",\"urlTemplate\":\"https:\/\/test.addabra.com\/opensignal\/?s={search_term_string}\"},\"query-input\":{\"@type\":\"PropertyValueSpecification\",\"valueRequired\":true,\"valueName\":\"search_term_string\"}}],\"inLanguage\":\"es\"}]}<\/script>\n<!-- \/ Yoast SEO plugin. -->","yoast_head_json":{"title":"Quienes somos - OpenSignal","robots":{"index":"index","follow":"follow","max-snippet":"max-snippet:-1","max-image-preview":"max-image-preview:large","max-video-preview":"max-video-preview:-1"},"canonical":"https:\/\/test.addabra.com\/opensignal\/index.php\/quienes-somos\/","og_locale":"es_MX","og_type":"article","og_title":"Quienes somos - OpenSignal","og_description":"Quienes somos M\u00e1s de 500 clientes conf\u00edan en nosotros Sobre nosotros Qui\u00e9nes somos En Open Signal, nos dedicamos a proporcionar soluciones integrales en tecnolog\u00eda de seguridad y conectividad. Con a\u00f1os de experiencia en el sector, somos expertos en la integraci\u00f3n de sistemas de networking, detecci\u00f3n de humo, audio y CCTV, dise\u00f1ados para crear ambientes seguros [&hellip;]","og_url":"https:\/\/test.addabra.com\/opensignal\/index.php\/quienes-somos\/","og_site_name":"OpenSignal","article_modified_time":"2025-03-05T23:29:14+00:00","og_image":[{"width":1200,"height":1600,"url":"https:\/\/test.addabra.com\/opensignal\/wp-content\/uploads\/2025\/03\/open-signal.jpg","type":"image\/jpeg"}],"twitter_card":"summary_large_image","twitter_misc":{"Tiempo de lectura":"2 minutos"},"schema":{"@context":"https:\/\/schema.org","@graph":[{"@type":"WebPage","@id":"https:\/\/test.addabra.com\/opensignal\/index.php\/quienes-somos\/","url":"https:\/\/test.addabra.com\/opensignal\/index.php\/quienes-somos\/","name":"Quienes somos - OpenSignal","isPartOf":{"@id":"https:\/\/test.addabra.com\/opensignal\/#website"},"primaryImageOfPage":{"@id":"https:\/\/test.addabra.com\/opensignal\/index.php\/quienes-somos\/#primaryimage"},"image":{"@id":"https:\/\/test.addabra.com\/opensignal\/index.php\/quienes-somos\/#primaryimage"},"thumbnailUrl":"https:\/\/test.addabra.com\/opensignal\/wp-content\/uploads\/2025\/03\/open-signal.jpg","datePublished":"2025-02-07T17:19:17+00:00","dateModified":"2025-03-05T23:29:14+00:00","breadcrumb":{"@id":"https:\/\/test.addabra.com\/opensignal\/index.php\/quienes-somos\/#breadcrumb"},"inLanguage":"es","potentialAction":[{"@type":"ReadAction","target":["https:\/\/test.addabra.com\/opensignal\/index.php\/quienes-somos\/"]}]},{"@type":"ImageObject","inLanguage":"es","@id":"https:\/\/test.addabra.com\/opensignal\/index.php\/quienes-somos\/#primaryimage","url":"https:\/\/test.addabra.com\/opensignal\/wp-content\/uploads\/2025\/03\/open-signal.jpg","contentUrl":"https:\/\/test.addabra.com\/opensignal\/wp-content\/uploads\/2025\/03\/open-signal.jpg","width":1200,"height":1600},{"@type":"BreadcrumbList","@id":"https:\/\/test.addabra.com\/opensignal\/index.php\/quienes-somos\/#breadcrumb","itemListElement":[{"@type":"ListItem","position":1,"name":"Inicio","item":"https:\/\/test.addabra.com\/opensignal\/"},{"@type":"ListItem","position":2,"name":"Quienes somos"}]},{"@type":"WebSite","@id":"https:\/\/test.addabra.com\/opensignal\/#website","url":"https:\/\/test.addabra.com\/opensignal\/","name":"OpenSignal","description":"","potentialAction":[{"@type":"SearchAction","target":{"@type":"EntryPoint","urlTemplate":"https:\/\/test.addabra.com\/opensignal\/?s={search_term_string}"},"query-input":{"@type":"PropertyValueSpecification","valueRequired":true,"valueName":"search_term_string"}}],"inLanguage":"es"}]}},"_links":{"self":[{"href":"https:\/\/test.addabra.com\/opensignal\/index.php\/wp-json\/wp\/v2\/pages\/428","targetHints":{"allow":["GET"]}}],"collection":[{"href":"https:\/\/test.addabra.com\/opensignal\/index.php\/wp-json\/wp\/v2\/pages"}],"about":[{"href":"https:\/\/test.addabra.com\/opensignal\/index.php\/wp-json\/wp\/v2\/types\/page"}],"author":[{"embeddable":true,"href":"https:\/\/test.addabra.com\/opensignal\/index.php\/wp-json\/wp\/v2\/users\/1"}],"replies":[{"embeddable":true,"href":"https:\/\/test.addabra.com\/opensignal\/index.php\/wp-json\/wp\/v2\/comments?post=428"}],"version-history":[{"count":40,"href":"https:\/\/test.addabra.com\/opensignal\/index.php\/wp-json\/wp\/v2\/pages\/428\/revisions"}],"predecessor-version":[{"id":1158,"href":"https:\/\/test.addabra.com\/opensignal\/index.php\/wp-json\/wp\/v2\/pages\/428\/revisions\/1158"}],"wp:attachment":[{"href":"https:\/\/test.addabra.com\/opensignal\/index.php\/wp-json\/wp\/v2\/media?parent=428"}],"curies":[{"name":"wp","href":"https:\/\/api.w.org\/{rel}","templated":true}]}}