{"id":539,"date":"2025-02-07T19:25:15","date_gmt":"2025-02-07T19:25:15","guid":{"rendered":"https:\/\/test.addabra.com\/opensignal\/?page_id=539"},"modified":"2025-03-05T23:21:34","modified_gmt":"2025-03-05T23:21:34","slug":"cctv","status":"publish","type":"page","link":"https:\/\/test.addabra.com\/opensignal\/index.php\/cctv\/","title":{"rendered":"CCTV"},"content":{"rendered":"\t\t<div data-elementor-type=\"wp-page\" data-elementor-id=\"539\" class=\"elementor elementor-539\">\n\t\t\t\t\t\t<section class=\"elementor-section elementor-top-section elementor-element elementor-element-29ff8129 elementor-section-boxed elementor-section-height-default elementor-section-height-default\" data-id=\"29ff8129\" data-element_type=\"section\" data-settings=\"{&quot;background_background&quot;:&quot;classic&quot;,&quot;shape_divider_bottom&quot;:&quot;tilt&quot;}\">\n\t\t\t\t\t\t\t<div class=\"elementor-background-overlay\"><\/div>\n\t\t\t\t\t\t<div class=\"elementor-shape elementor-shape-bottom\" data-negative=\"false\">\n\t\t\t<svg xmlns=\"http:\/\/www.w3.org\/2000\/svg\" viewBox=\"0 0 1000 100\" preserveAspectRatio=\"none\">\n\t<path class=\"elementor-shape-fill\" d=\"M0,6V0h1000v100L0,6z\"\/>\n<\/svg>\t\t<\/div>\n\t\t\t\t\t<div class=\"elementor-container elementor-column-gap-no\">\n\t\t\t\t\t<div class=\"elementor-column elementor-col-100 elementor-top-column elementor-element elementor-element-709c5f70\" data-id=\"709c5f70\" data-element_type=\"column\">\n\t\t\t<div class=\"elementor-widget-wrap elementor-element-populated\">\n\t\t\t\t\t\t<div class=\"elementor-element elementor-element-6bccee29 elementor-widget elementor-widget-heading\" data-id=\"6bccee29\" data-element_type=\"widget\" data-widget_type=\"heading.default\">\n\t\t\t\t<div class=\"elementor-widget-container\">\n\t\t\t\t\t<h2 class=\"elementor-heading-title elementor-size-default\">CCTV<\/h2>\t\t\t\t<\/div>\n\t\t\t\t<\/div>\n\t\t\t\t<div class=\"elementor-element elementor-element-545d49d4 elementor-widget__width-auto elementor-widget-mobile__width-inherit elementor-widget elementor-widget-jkit_button\" data-id=\"545d49d4\" data-element_type=\"widget\" data-widget_type=\"jkit_button.default\">\n\t\t\t\t<div class=\"elementor-widget-container\">\n\t\t\t\t\t<div  class=\"jeg-elementor-kit jkit-button  icon-position-before jeg_module___69e10ba58e5c7\" ><a href=\"\" class=\"jkit-button-wrapper\"><i aria-hidden=\"true\" class=\"jki jki-phone-line\"><\/i>Reservar una llamada<\/a><\/div>\t\t\t\t<\/div>\n\t\t\t\t<\/div>\n\t\t\t\t<div class=\"elementor-element elementor-element-6ac64844 elementor-widget__width-auto elementor-widget-mobile__width-inherit elementor-widget elementor-widget-jkit_button\" data-id=\"6ac64844\" data-element_type=\"widget\" data-widget_type=\"jkit_button.default\">\n\t\t\t\t<div class=\"elementor-widget-container\">\n\t\t\t\t\t<div  class=\"jeg-elementor-kit jkit-button  icon-position-before jeg_module__1_69e10ba58ee3c\" ><a href=\"https:\/\/test.addabra.com\/opensignal\/index.php\/contacto\/\" class=\"jkit-button-wrapper\"><i aria-hidden=\"true\" class=\"jki jki-envelope1-light\"><\/i>Quiero m\u00e1s informaci\u00f3n<\/a><\/div>\t\t\t\t<\/div>\n\t\t\t\t<\/div>\n\t\t\t\t\t<\/div>\n\t\t<\/div>\n\t\t\t\t\t<\/div>\n\t\t<\/section>\n\t\t<div class=\"elementor-element elementor-element-63e7d9f2 e-flex e-con-boxed e-con e-parent\" data-id=\"63e7d9f2\" data-element_type=\"container\">\n\t\t\t\t\t<div class=\"e-con-inner\">\n\t\t<div class=\"elementor-element elementor-element-61217f0e e-con-full e-flex e-con e-child\" data-id=\"61217f0e\" data-element_type=\"container\">\n\t\t\t\t<div class=\"elementor-element elementor-element-229477bd elementor-widget elementor-widget-heading\" data-id=\"229477bd\" data-element_type=\"widget\" data-widget_type=\"heading.default\">\n\t\t\t\t<div class=\"elementor-widget-container\">\n\t\t\t\t\t<h5 class=\"elementor-heading-title elementor-size-default\">Acerca del servicio<\/h5>\t\t\t\t<\/div>\n\t\t\t\t<\/div>\n\t\t\t\t<div class=\"elementor-element elementor-element-2b151227 elementor-widget elementor-widget-text-editor\" data-id=\"2b151227\" data-element_type=\"widget\" data-widget_type=\"text-editor.default\">\n\t\t\t\t<div class=\"elementor-widget-container\">\n\t\t\t\t\t\t\t\t\t<p>En <b>OpenSignal<\/b>, dise\u00f1amos e implementamos <strong data-start=\"206\" data-end=\"226\">sistemas de CCTV<\/strong> de alta tecnolog\u00eda para optimizar la seguridad de tu empresa, negocio u hogar. Nuestro enfoque se basa en la <strong data-start=\"336\" data-end=\"372\">ubicaci\u00f3n estrat\u00e9gica de c\u00e1maras<\/strong>, cobertura eficiente, almacenamiento adecuado y tecnolog\u00eda avanzada para monitoreo remoto, garantizando as\u00ed una vigilancia confiable y efectiva.<\/p>\t\t\t\t\t\t\t\t<\/div>\n\t\t\t\t<\/div>\n\t\t\t\t<div class=\"elementor-element elementor-element-475cb9c0 elementor-widget elementor-widget-heading\" data-id=\"475cb9c0\" data-element_type=\"widget\" data-widget_type=\"heading.default\">\n\t\t\t\t<div class=\"elementor-widget-container\">\n\t\t\t\t\t<h5 class=\"elementor-heading-title elementor-size-default\">Partners registrados:<\/h5>\t\t\t\t<\/div>\n\t\t\t\t<\/div>\n\t\t<div class=\"elementor-element elementor-element-254c91ee e-con-full e-flex e-con e-child\" data-id=\"254c91ee\" data-element_type=\"container\">\n\t\t\t\t<div class=\"elementor-element elementor-element-70f188c3 elementor-widget__width-initial elementor-widget elementor-widget-image\" data-id=\"70f188c3\" data-element_type=\"widget\" data-widget_type=\"image.default\">\n\t\t\t\t<div class=\"elementor-widget-container\">\n\t\t\t\t\t\t\t\t\t\t\t\t\t\t\t<img fetchpriority=\"high\" decoding=\"async\" width=\"554\" height=\"256\" src=\"https:\/\/test.addabra.com\/opensignal\/wp-content\/uploads\/2025\/02\/hik-vision.png\" class=\"attachment-full size-full wp-image-175\" alt=\"\" srcset=\"https:\/\/test.addabra.com\/opensignal\/wp-content\/uploads\/2025\/02\/hik-vision.png 554w, https:\/\/test.addabra.com\/opensignal\/wp-content\/uploads\/2025\/02\/hik-vision-300x139.png 300w\" sizes=\"(max-width: 554px) 100vw, 554px\" \/>\t\t\t\t\t\t\t\t\t\t\t\t\t\t\t<\/div>\n\t\t\t\t<\/div>\n\t\t\t\t<div class=\"elementor-element elementor-element-5537b7e elementor-widget__width-initial elementor-widget elementor-widget-image\" data-id=\"5537b7e\" data-element_type=\"widget\" data-widget_type=\"image.default\">\n\t\t\t\t<div class=\"elementor-widget-container\">\n\t\t\t\t\t\t\t\t\t\t\t\t\t\t\t<img decoding=\"async\" width=\"554\" height=\"256\" src=\"https:\/\/test.addabra.com\/opensignal\/wp-content\/uploads\/2025\/03\/hanwha.png\" class=\"attachment-full size-full wp-image-969\" alt=\"\" srcset=\"https:\/\/test.addabra.com\/opensignal\/wp-content\/uploads\/2025\/03\/hanwha.png 554w, https:\/\/test.addabra.com\/opensignal\/wp-content\/uploads\/2025\/03\/hanwha-300x139.png 300w\" sizes=\"(max-width: 554px) 100vw, 554px\" \/>\t\t\t\t\t\t\t\t\t\t\t\t\t\t\t<\/div>\n\t\t\t\t<\/div>\n\t\t\t\t<div class=\"elementor-element elementor-element-d0e71c2 elementor-widget__width-initial elementor-widget elementor-widget-image\" data-id=\"d0e71c2\" data-element_type=\"widget\" data-widget_type=\"image.default\">\n\t\t\t\t<div class=\"elementor-widget-container\">\n\t\t\t\t\t\t\t\t\t\t\t\t\t\t\t<img decoding=\"async\" width=\"554\" height=\"256\" src=\"https:\/\/test.addabra.com\/opensignal\/wp-content\/uploads\/2025\/03\/axis.png\" class=\"attachment-full size-full wp-image-973\" alt=\"\" srcset=\"https:\/\/test.addabra.com\/opensignal\/wp-content\/uploads\/2025\/03\/axis.png 554w, https:\/\/test.addabra.com\/opensignal\/wp-content\/uploads\/2025\/03\/axis-300x139.png 300w\" sizes=\"(max-width: 554px) 100vw, 554px\" \/>\t\t\t\t\t\t\t\t\t\t\t\t\t\t\t<\/div>\n\t\t\t\t<\/div>\n\t\t\t\t<\/div>\n\t\t<div class=\"elementor-element elementor-element-3e675726 e-con-full e-flex e-con e-child\" data-id=\"3e675726\" data-element_type=\"container\" data-settings=\"{&quot;background_background&quot;:&quot;classic&quot;}\">\n\t\t\t\t<div class=\"elementor-element elementor-element-65f39061 elementor-widget__width-inherit elementor-widget elementor-widget-heading\" data-id=\"65f39061\" data-element_type=\"widget\" data-widget_type=\"heading.default\">\n\t\t\t\t<div class=\"elementor-widget-container\">\n\t\t\t\t\t<h5 class=\"elementor-heading-title elementor-size-default\">Beneficios de Implementar un Sistema de CCTV<\/h5>\t\t\t\t<\/div>\n\t\t\t\t<\/div>\n\t\t\t\t<div class=\"elementor-element elementor-element-15fd9533 elementor-widget__width-initial elementor-view-default elementor-position-top elementor-mobile-position-top elementor-widget elementor-widget-icon-box\" data-id=\"15fd9533\" data-element_type=\"widget\" data-widget_type=\"icon-box.default\">\n\t\t\t\t<div class=\"elementor-widget-container\">\n\t\t\t\t\t\t\t<div class=\"elementor-icon-box-wrapper\">\n\n\t\t\t\t\t\t<div class=\"elementor-icon-box-icon\">\n\t\t\t\t<span  class=\"elementor-icon\">\n\t\t\t\t<i aria-hidden=\"true\" class=\"jki jki-view-light\"><\/i>\t\t\t\t<\/span>\n\t\t\t<\/div>\n\t\t\t\n\t\t\t\t\t\t<div class=\"elementor-icon-box-content\">\n\n\t\t\t\t\t\t\t\t\t<h3 class=\"elementor-icon-box-title\">\n\t\t\t\t\t\t<span  >\n\t\t\t\t\t\t\tMayor protecci\u00f3n\t\t\t\t\t\t<\/span>\n\t\t\t\t\t<\/h3>\n\t\t\t\t\n\t\t\t\t\t\t\t\t\t<p class=\"elementor-icon-box-description\">\n\t\t\t\t\t\tprevenci\u00f3n de incidentes.\t\t\t\t\t<\/p>\n\t\t\t\t\n\t\t\t<\/div>\n\t\t\t\n\t\t<\/div>\n\t\t\t\t\t\t<\/div>\n\t\t\t\t<\/div>\n\t\t\t\t<div class=\"elementor-element elementor-element-5a3eb319 elementor-widget__width-initial elementor-widget-mobile__width-initial elementor-view-default elementor-position-top elementor-mobile-position-top elementor-widget elementor-widget-icon-box\" data-id=\"5a3eb319\" data-element_type=\"widget\" data-widget_type=\"icon-box.default\">\n\t\t\t\t<div class=\"elementor-widget-container\">\n\t\t\t\t\t\t\t<div class=\"elementor-icon-box-wrapper\">\n\n\t\t\t\t\t\t<div class=\"elementor-icon-box-icon\">\n\t\t\t\t<span  class=\"elementor-icon\">\n\t\t\t\t<i aria-hidden=\"true\" class=\"jki jki-clock2-light\"><\/i>\t\t\t\t<\/span>\n\t\t\t<\/div>\n\t\t\t\n\t\t\t\t\t\t<div class=\"elementor-icon-box-content\">\n\n\t\t\t\t\t\t\t\t\t<h3 class=\"elementor-icon-box-title\">\n\t\t\t\t\t\t<span  >\n\t\t\t\t\t\t\tSupervisi\u00f3n 24\/7 \t\t\t\t\t\t<\/span>\n\t\t\t\t\t<\/h3>\n\t\t\t\t\n\t\t\t\t\t\t\t\t\t<p class=\"elementor-icon-box-description\">\n\t\t\t\t\t\tCon acceso desde cualquier lugar\t\t\t\t\t<\/p>\n\t\t\t\t\n\t\t\t<\/div>\n\t\t\t\n\t\t<\/div>\n\t\t\t\t\t\t<\/div>\n\t\t\t\t<\/div>\n\t\t\t\t<div class=\"elementor-element elementor-element-48e2920a elementor-widget__width-initial elementor-widget-mobile__width-initial elementor-view-default elementor-position-top elementor-mobile-position-top elementor-widget elementor-widget-icon-box\" data-id=\"48e2920a\" data-element_type=\"widget\" data-widget_type=\"icon-box.default\">\n\t\t\t\t<div class=\"elementor-widget-container\">\n\t\t\t\t\t\t\t<div class=\"elementor-icon-box-wrapper\">\n\n\t\t\t\t\t\t<div class=\"elementor-icon-box-icon\">\n\t\t\t\t<span  class=\"elementor-icon\">\n\t\t\t\t<i aria-hidden=\"true\" class=\"jki jki-database1-light\"><\/i>\t\t\t\t<\/span>\n\t\t\t<\/div>\n\t\t\t\n\t\t\t\t\t\t<div class=\"elementor-icon-box-content\">\n\n\t\t\t\t\t\t\t\t\t<h3 class=\"elementor-icon-box-title\">\n\t\t\t\t\t\t<span  >\n\t\t\t\t\t\t\tRespaldo de evidencia\t\t\t\t\t\t<\/span>\n\t\t\t\t\t<\/h3>\n\t\t\t\t\n\t\t\t\t\t\t\t\t\t<p class=\"elementor-icon-box-description\">\n\t\t\t\t\t\tEn caso de incidentes o investigaciones\t\t\t\t\t<\/p>\n\t\t\t\t\n\t\t\t<\/div>\n\t\t\t\n\t\t<\/div>\n\t\t\t\t\t\t<\/div>\n\t\t\t\t<\/div>\n\t\t\t\t<\/div>\n\t\t\t\t<\/div>\n\t\t<div class=\"elementor-element elementor-element-6151c01a e-con-full e-flex e-con e-child\" data-id=\"6151c01a\" data-element_type=\"container\">\n\t\t\t\t<div class=\"elementor-element elementor-element-682696a6 elementor-widget elementor-widget-heading\" data-id=\"682696a6\" data-element_type=\"widget\" data-widget_type=\"heading.default\">\n\t\t\t\t<div class=\"elementor-widget-container\">\n\t\t\t\t\t<h2 class=\"elementor-heading-title elementor-size-default\">Otros servicios<\/h2>\t\t\t\t<\/div>\n\t\t\t\t<\/div>\n\t\t\t\t<div class=\"elementor-element elementor-element-dd5dbe4 list-services elementor-icon-list--layout-traditional elementor-list-item-link-full_width elementor-widget elementor-widget-icon-list\" data-id=\"dd5dbe4\" data-element_type=\"widget\" data-widget_type=\"icon-list.default\">\n\t\t\t\t<div class=\"elementor-widget-container\">\n\t\t\t\t\t\t\t<ul class=\"elementor-icon-list-items\">\n\t\t\t\t\t\t\t<li class=\"elementor-icon-list-item\">\n\t\t\t\t\t\t\t\t\t\t\t<a href=\"https:\/\/test.addabra.com\/opensignal\/index.php\/audio\/\">\n\n\t\t\t\t\t\t\t\t\t\t\t<span class=\"elementor-icon-list-text\">Audio residencial Hi-Fi<\/span>\n\t\t\t\t\t\t\t\t\t\t\t<\/a>\n\t\t\t\t\t\t\t\t\t<\/li>\n\t\t\t\t\t\t\t\t<li class=\"elementor-icon-list-item\">\n\t\t\t\t\t\t\t\t\t\t\t<a href=\"https:\/\/test.addabra.com\/opensignal\/index.php\/bms\/\">\n\n\t\t\t\t\t\t\t\t\t\t\t<span class=\"elementor-icon-list-text\">BMS<\/span>\n\t\t\t\t\t\t\t\t\t\t\t<\/a>\n\t\t\t\t\t\t\t\t\t<\/li>\n\t\t\t\t\t\t\t\t<li class=\"elementor-icon-list-item\">\n\t\t\t\t\t\t\t\t\t\t\t<a href=\"https:\/\/test.addabra.com\/opensignal\/index.php\/deteccion-de-humo\/\">\n\n\t\t\t\t\t\t\t\t\t\t\t<span class=\"elementor-icon-list-text\">Detecci\u00f3n de humo<\/span>\n\t\t\t\t\t\t\t\t\t\t\t<\/a>\n\t\t\t\t\t\t\t\t\t<\/li>\n\t\t\t\t\t\t\t\t<li class=\"elementor-icon-list-item\">\n\t\t\t\t\t\t\t\t\t\t\t<a href=\"https:\/\/test.addabra.com\/opensignal\/index.php\/cctv\/\">\n\n\t\t\t\t\t\t\t\t\t\t\t<span class=\"elementor-icon-list-text\"><span>CCTV<\/span><\/span>\n\t\t\t\t\t\t\t\t\t\t\t<\/a>\n\t\t\t\t\t\t\t\t\t<\/li>\n\t\t\t\t\t\t\t\t<li class=\"elementor-icon-list-item\">\n\t\t\t\t\t\t\t\t\t\t\t<a href=\"https:\/\/test.addabra.com\/opensignal\/index.php\/networking\/\">\n\n\t\t\t\t\t\t\t\t\t\t\t<span class=\"elementor-icon-list-text\">Networking<\/span>\n\t\t\t\t\t\t\t\t\t\t\t<\/a>\n\t\t\t\t\t\t\t\t\t<\/li>\n\t\t\t\t\t\t\t\t<li class=\"elementor-icon-list-item\">\n\t\t\t\t\t\t\t\t\t\t\t<a href=\"https:\/\/test.addabra.com\/opensignal\/index.php\/control-de-acceso\/\">\n\n\t\t\t\t\t\t\t\t\t\t\t<span class=\"elementor-icon-list-text\">Control de acceso<\/span>\n\t\t\t\t\t\t\t\t\t\t\t<\/a>\n\t\t\t\t\t\t\t\t\t<\/li>\n\t\t\t\t\t\t\t\t<li class=\"elementor-icon-list-item\">\n\t\t\t\t\t\t\t\t\t\t\t<a href=\"https:\/\/test.addabra.com\/opensignal\/index.php\/quirofanos-inteligentes\/\">\n\n\t\t\t\t\t\t\t\t\t\t\t<span class=\"elementor-icon-list-text\">Quir\u00f3fanos inteligentes<\/span>\n\t\t\t\t\t\t\t\t\t\t\t<\/a>\n\t\t\t\t\t\t\t\t\t<\/li>\n\t\t\t\t\t\t\t\t<li class=\"elementor-icon-list-item\">\n\t\t\t\t\t\t\t\t\t\t\t<a href=\"https:\/\/test.addabra.com\/opensignal\/index.php\/paciente-enfermera\/\">\n\n\t\t\t\t\t\t\t\t\t\t\t<span class=\"elementor-icon-list-text\"> Paciente enfermera<\/span>\n\t\t\t\t\t\t\t\t\t\t\t<\/a>\n\t\t\t\t\t\t\t\t\t<\/li>\n\t\t\t\t\t\t<\/ul>\n\t\t\t\t\t\t<\/div>\n\t\t\t\t<\/div>\n\t\t\t\t<div class=\"elementor-element elementor-element-4089d59c elementor-widget elementor-widget-html\" data-id=\"4089d59c\" data-element_type=\"widget\" data-widget_type=\"html.default\">\n\t\t\t\t<div class=\"elementor-widget-container\">\n\t\t\t\t\t<style>\n.list-services .elementor-icon-list-item {\n  padding-right: 20px;\n  padding-left: 20px;\n}\n\n.list-services span {\n  color: #E1670D;\n}\n<\/style>\t\t\t\t<\/div>\n\t\t\t\t<\/div>\n\t\t\t\t<\/div>\n\t\t\t\t\t<\/div>\n\t\t\t\t<\/div>\n\t\t\t\t<\/div>\n\t\t","protected":false},"excerpt":{"rendered":"<p>CCTV Reservar una llamada Quiero m\u00e1s informaci\u00f3n Acerca del servicio En OpenSignal, dise\u00f1amos e implementamos sistemas de CCTV de alta tecnolog\u00eda para optimizar la seguridad de tu empresa, negocio u hogar. Nuestro enfoque se basa en la ubicaci\u00f3n estrat\u00e9gica de c\u00e1maras, cobertura eficiente, almacenamiento adecuado y tecnolog\u00eda avanzada para monitoreo remoto, garantizando as\u00ed una vigilancia [&hellip;]<\/p>\n","protected":false},"author":1,"featured_media":16,"parent":0,"menu_order":0,"comment_status":"closed","ping_status":"closed","template":"elementor_header_footer","meta":{"_joinchat":[],"footnotes":""},"class_list":["post-539","page","type-page","status-publish","has-post-thumbnail","hentry"],"yoast_head":"<!-- This site is optimized with the Yoast SEO plugin v24.8.1 - https:\/\/yoast.com\/wordpress\/plugins\/seo\/ -->\n<title>CCTV - OpenSignal<\/title>\n<meta name=\"description\" content=\"Dise\u00f1amos e implementamos sistemas de CCTV de alta tecnolog\u00eda para optimizar la seguridad de tu empresa, negocio u hogar.\" \/>\n<meta name=\"robots\" content=\"index, follow, max-snippet:-1, max-image-preview:large, max-video-preview:-1\" \/>\n<link rel=\"canonical\" href=\"https:\/\/test.addabra.com\/opensignal\/index.php\/cctv\/\" \/>\n<meta property=\"og:locale\" content=\"es_MX\" \/>\n<meta property=\"og:type\" content=\"article\" \/>\n<meta property=\"og:title\" content=\"CCTV - OpenSignal\" \/>\n<meta property=\"og:description\" content=\"Dise\u00f1amos e implementamos sistemas de CCTV de alta tecnolog\u00eda para optimizar la seguridad de tu empresa, negocio u hogar.\" \/>\n<meta property=\"og:url\" content=\"https:\/\/test.addabra.com\/opensignal\/index.php\/cctv\/\" \/>\n<meta property=\"og:site_name\" content=\"OpenSignal\" \/>\n<meta property=\"article:modified_time\" content=\"2025-03-05T23:21:34+00:00\" \/>\n<meta property=\"og:image\" content=\"https:\/\/test.addabra.com\/opensignal\/wp-content\/uploads\/2025\/01\/BW0d0IllW8E-unsplash.jpg\" \/>\n\t<meta property=\"og:image:width\" content=\"1290\" \/>\n\t<meta property=\"og:image:height\" content=\"860\" \/>\n\t<meta property=\"og:image:type\" content=\"image\/jpeg\" \/>\n<meta name=\"twitter:card\" content=\"summary_large_image\" \/>\n<meta name=\"twitter:label1\" content=\"Tiempo de lectura\" \/>\n\t<meta name=\"twitter:data1\" content=\"1 minuto\" \/>\n<script type=\"application\/ld+json\" class=\"yoast-schema-graph\">{\"@context\":\"https:\/\/schema.org\",\"@graph\":[{\"@type\":\"WebPage\",\"@id\":\"https:\/\/test.addabra.com\/opensignal\/index.php\/cctv\/\",\"url\":\"https:\/\/test.addabra.com\/opensignal\/index.php\/cctv\/\",\"name\":\"CCTV - OpenSignal\",\"isPartOf\":{\"@id\":\"https:\/\/test.addabra.com\/opensignal\/#website\"},\"primaryImageOfPage\":{\"@id\":\"https:\/\/test.addabra.com\/opensignal\/index.php\/cctv\/#primaryimage\"},\"image\":{\"@id\":\"https:\/\/test.addabra.com\/opensignal\/index.php\/cctv\/#primaryimage\"},\"thumbnailUrl\":\"https:\/\/test.addabra.com\/opensignal\/wp-content\/uploads\/2025\/01\/BW0d0IllW8E-unsplash.jpg\",\"datePublished\":\"2025-02-07T19:25:15+00:00\",\"dateModified\":\"2025-03-05T23:21:34+00:00\",\"description\":\"Dise\u00f1amos e implementamos sistemas de CCTV de alta tecnolog\u00eda para optimizar la seguridad de tu empresa, negocio u hogar.\",\"breadcrumb\":{\"@id\":\"https:\/\/test.addabra.com\/opensignal\/index.php\/cctv\/#breadcrumb\"},\"inLanguage\":\"es\",\"potentialAction\":[{\"@type\":\"ReadAction\",\"target\":[\"https:\/\/test.addabra.com\/opensignal\/index.php\/cctv\/\"]}]},{\"@type\":\"ImageObject\",\"inLanguage\":\"es\",\"@id\":\"https:\/\/test.addabra.com\/opensignal\/index.php\/cctv\/#primaryimage\",\"url\":\"https:\/\/test.addabra.com\/opensignal\/wp-content\/uploads\/2025\/01\/BW0d0IllW8E-unsplash.jpg\",\"contentUrl\":\"https:\/\/test.addabra.com\/opensignal\/wp-content\/uploads\/2025\/01\/BW0d0IllW8E-unsplash.jpg\",\"width\":1290,\"height\":860},{\"@type\":\"BreadcrumbList\",\"@id\":\"https:\/\/test.addabra.com\/opensignal\/index.php\/cctv\/#breadcrumb\",\"itemListElement\":[{\"@type\":\"ListItem\",\"position\":1,\"name\":\"Inicio\",\"item\":\"https:\/\/test.addabra.com\/opensignal\/\"},{\"@type\":\"ListItem\",\"position\":2,\"name\":\"CCTV\"}]},{\"@type\":\"WebSite\",\"@id\":\"https:\/\/test.addabra.com\/opensignal\/#website\",\"url\":\"https:\/\/test.addabra.com\/opensignal\/\",\"name\":\"OpenSignal\",\"description\":\"\",\"potentialAction\":[{\"@type\":\"SearchAction\",\"target\":{\"@type\":\"EntryPoint\",\"urlTemplate\":\"https:\/\/test.addabra.com\/opensignal\/?s={search_term_string}\"},\"query-input\":{\"@type\":\"PropertyValueSpecification\",\"valueRequired\":true,\"valueName\":\"search_term_string\"}}],\"inLanguage\":\"es\"}]}<\/script>\n<!-- \/ Yoast SEO plugin. -->","yoast_head_json":{"title":"CCTV - OpenSignal","description":"Dise\u00f1amos e implementamos sistemas de CCTV de alta tecnolog\u00eda para optimizar la seguridad de tu empresa, negocio u hogar.","robots":{"index":"index","follow":"follow","max-snippet":"max-snippet:-1","max-image-preview":"max-image-preview:large","max-video-preview":"max-video-preview:-1"},"canonical":"https:\/\/test.addabra.com\/opensignal\/index.php\/cctv\/","og_locale":"es_MX","og_type":"article","og_title":"CCTV - OpenSignal","og_description":"Dise\u00f1amos e implementamos sistemas de CCTV de alta tecnolog\u00eda para optimizar la seguridad de tu empresa, negocio u hogar.","og_url":"https:\/\/test.addabra.com\/opensignal\/index.php\/cctv\/","og_site_name":"OpenSignal","article_modified_time":"2025-03-05T23:21:34+00:00","og_image":[{"width":1290,"height":860,"url":"https:\/\/test.addabra.com\/opensignal\/wp-content\/uploads\/2025\/01\/BW0d0IllW8E-unsplash.jpg","type":"image\/jpeg"}],"twitter_card":"summary_large_image","twitter_misc":{"Tiempo de lectura":"1 minuto"},"schema":{"@context":"https:\/\/schema.org","@graph":[{"@type":"WebPage","@id":"https:\/\/test.addabra.com\/opensignal\/index.php\/cctv\/","url":"https:\/\/test.addabra.com\/opensignal\/index.php\/cctv\/","name":"CCTV - OpenSignal","isPartOf":{"@id":"https:\/\/test.addabra.com\/opensignal\/#website"},"primaryImageOfPage":{"@id":"https:\/\/test.addabra.com\/opensignal\/index.php\/cctv\/#primaryimage"},"image":{"@id":"https:\/\/test.addabra.com\/opensignal\/index.php\/cctv\/#primaryimage"},"thumbnailUrl":"https:\/\/test.addabra.com\/opensignal\/wp-content\/uploads\/2025\/01\/BW0d0IllW8E-unsplash.jpg","datePublished":"2025-02-07T19:25:15+00:00","dateModified":"2025-03-05T23:21:34+00:00","description":"Dise\u00f1amos e implementamos sistemas de CCTV de alta tecnolog\u00eda para optimizar la seguridad de tu empresa, negocio u hogar.","breadcrumb":{"@id":"https:\/\/test.addabra.com\/opensignal\/index.php\/cctv\/#breadcrumb"},"inLanguage":"es","potentialAction":[{"@type":"ReadAction","target":["https:\/\/test.addabra.com\/opensignal\/index.php\/cctv\/"]}]},{"@type":"ImageObject","inLanguage":"es","@id":"https:\/\/test.addabra.com\/opensignal\/index.php\/cctv\/#primaryimage","url":"https:\/\/test.addabra.com\/opensignal\/wp-content\/uploads\/2025\/01\/BW0d0IllW8E-unsplash.jpg","contentUrl":"https:\/\/test.addabra.com\/opensignal\/wp-content\/uploads\/2025\/01\/BW0d0IllW8E-unsplash.jpg","width":1290,"height":860},{"@type":"BreadcrumbList","@id":"https:\/\/test.addabra.com\/opensignal\/index.php\/cctv\/#breadcrumb","itemListElement":[{"@type":"ListItem","position":1,"name":"Inicio","item":"https:\/\/test.addabra.com\/opensignal\/"},{"@type":"ListItem","position":2,"name":"CCTV"}]},{"@type":"WebSite","@id":"https:\/\/test.addabra.com\/opensignal\/#website","url":"https:\/\/test.addabra.com\/opensignal\/","name":"OpenSignal","description":"","potentialAction":[{"@type":"SearchAction","target":{"@type":"EntryPoint","urlTemplate":"https:\/\/test.addabra.com\/opensignal\/?s={search_term_string}"},"query-input":{"@type":"PropertyValueSpecification","valueRequired":true,"valueName":"search_term_string"}}],"inLanguage":"es"}]}},"_links":{"self":[{"href":"https:\/\/test.addabra.com\/opensignal\/index.php\/wp-json\/wp\/v2\/pages\/539","targetHints":{"allow":["GET"]}}],"collection":[{"href":"https:\/\/test.addabra.com\/opensignal\/index.php\/wp-json\/wp\/v2\/pages"}],"about":[{"href":"https:\/\/test.addabra.com\/opensignal\/index.php\/wp-json\/wp\/v2\/types\/page"}],"author":[{"embeddable":true,"href":"https:\/\/test.addabra.com\/opensignal\/index.php\/wp-json\/wp\/v2\/users\/1"}],"replies":[{"embeddable":true,"href":"https:\/\/test.addabra.com\/opensignal\/index.php\/wp-json\/wp\/v2\/comments?post=539"}],"version-history":[{"count":41,"href":"https:\/\/test.addabra.com\/opensignal\/index.php\/wp-json\/wp\/v2\/pages\/539\/revisions"}],"predecessor-version":[{"id":1132,"href":"https:\/\/test.addabra.com\/opensignal\/index.php\/wp-json\/wp\/v2\/pages\/539\/revisions\/1132"}],"wp:featuredmedia":[{"embeddable":true,"href":"https:\/\/test.addabra.com\/opensignal\/index.php\/wp-json\/wp\/v2\/media\/16"}],"wp:attachment":[{"href":"https:\/\/test.addabra.com\/opensignal\/index.php\/wp-json\/wp\/v2\/media?parent=539"}],"curies":[{"name":"wp","href":"https:\/\/api.w.org\/{rel}","templated":true}]}}