{"id":992,"date":"2025-03-05T22:21:32","date_gmt":"2025-03-05T22:21:32","guid":{"rendered":"https:\/\/test.addabra.com\/opensignal\/?page_id=992"},"modified":"2025-03-05T23:21:00","modified_gmt":"2025-03-05T23:21:00","slug":"control-de-acceso","status":"publish","type":"page","link":"https:\/\/test.addabra.com\/opensignal\/index.php\/control-de-acceso\/","title":{"rendered":"Control de acceso"},"content":{"rendered":"\t\t<div data-elementor-type=\"wp-page\" data-elementor-id=\"992\" class=\"elementor elementor-992\">\n\t\t\t\t\t\t<section class=\"elementor-section elementor-top-section elementor-element elementor-element-7937e4a8 elementor-section-boxed elementor-section-height-default elementor-section-height-default\" data-id=\"7937e4a8\" data-element_type=\"section\" data-settings=\"{&quot;background_background&quot;:&quot;classic&quot;,&quot;shape_divider_bottom&quot;:&quot;tilt&quot;}\">\n\t\t\t\t\t\t\t<div class=\"elementor-background-overlay\"><\/div>\n\t\t\t\t\t\t<div class=\"elementor-shape elementor-shape-bottom\" data-negative=\"false\">\n\t\t\t<svg xmlns=\"http:\/\/www.w3.org\/2000\/svg\" viewBox=\"0 0 1000 100\" preserveAspectRatio=\"none\">\n\t<path class=\"elementor-shape-fill\" d=\"M0,6V0h1000v100L0,6z\"\/>\n<\/svg>\t\t<\/div>\n\t\t\t\t\t<div class=\"elementor-container elementor-column-gap-no\">\n\t\t\t\t\t<div class=\"elementor-column elementor-col-100 elementor-top-column elementor-element elementor-element-6aacde62\" data-id=\"6aacde62\" data-element_type=\"column\">\n\t\t\t<div class=\"elementor-widget-wrap elementor-element-populated\">\n\t\t\t\t\t\t<div class=\"elementor-element elementor-element-358fc158 elementor-widget elementor-widget-heading\" data-id=\"358fc158\" data-element_type=\"widget\" data-widget_type=\"heading.default\">\n\t\t\t\t<div class=\"elementor-widget-container\">\n\t\t\t\t\t<h2 class=\"elementor-heading-title elementor-size-default\">Control de acceso<\/h2>\t\t\t\t<\/div>\n\t\t\t\t<\/div>\n\t\t\t\t<div class=\"elementor-element elementor-element-1954cfc5 elementor-widget__width-auto elementor-widget-mobile__width-inherit elementor-widget elementor-widget-jkit_button\" data-id=\"1954cfc5\" data-element_type=\"widget\" data-widget_type=\"jkit_button.default\">\n\t\t\t\t<div class=\"elementor-widget-container\">\n\t\t\t\t\t<div  class=\"jeg-elementor-kit jkit-button  icon-position-before jeg_module___69e10996cf2b3\" ><a href=\"\" class=\"jkit-button-wrapper\"><i aria-hidden=\"true\" class=\"jki jki-phone-line\"><\/i>Reservar una llamada<\/a><\/div>\t\t\t\t<\/div>\n\t\t\t\t<\/div>\n\t\t\t\t<div class=\"elementor-element elementor-element-5308fdc3 elementor-widget__width-auto elementor-widget-mobile__width-inherit elementor-widget elementor-widget-jkit_button\" data-id=\"5308fdc3\" data-element_type=\"widget\" data-widget_type=\"jkit_button.default\">\n\t\t\t\t<div class=\"elementor-widget-container\">\n\t\t\t\t\t<div  class=\"jeg-elementor-kit jkit-button  icon-position-before jeg_module__1_69e10996cf7a4\" ><a href=\"https:\/\/test.addabra.com\/opensignal\/index.php\/contacto\/\" class=\"jkit-button-wrapper\"><i aria-hidden=\"true\" class=\"jki jki-envelope1-light\"><\/i>Quiero m\u00e1s informaci\u00f3n<\/a><\/div>\t\t\t\t<\/div>\n\t\t\t\t<\/div>\n\t\t\t\t\t<\/div>\n\t\t<\/div>\n\t\t\t\t\t<\/div>\n\t\t<\/section>\n\t\t<div class=\"elementor-element elementor-element-9ac3b79 e-flex e-con-boxed e-con e-parent\" data-id=\"9ac3b79\" data-element_type=\"container\">\n\t\t\t\t\t<div class=\"e-con-inner\">\n\t\t<div class=\"elementor-element elementor-element-47a7b77b e-con-full e-flex e-con e-child\" data-id=\"47a7b77b\" data-element_type=\"container\">\n\t\t\t\t<div class=\"elementor-element elementor-element-4a0827bf elementor-widget elementor-widget-heading\" data-id=\"4a0827bf\" data-element_type=\"widget\" data-widget_type=\"heading.default\">\n\t\t\t\t<div class=\"elementor-widget-container\">\n\t\t\t\t\t<h5 class=\"elementor-heading-title elementor-size-default\">Acerca del servicio<\/h5>\t\t\t\t<\/div>\n\t\t\t\t<\/div>\n\t\t\t\t<div class=\"elementor-element elementor-element-7ccb30bd elementor-widget elementor-widget-text-editor\" data-id=\"7ccb30bd\" data-element_type=\"widget\" data-widget_type=\"text-editor.default\">\n\t\t\t\t<div class=\"elementor-widget-container\">\n\t\t\t\t\t\t\t\t\t<p><span style=\"font-weight: 400;\">Nuestro sistema de control de acceso proporciona seguridad confiable, autenticaci\u00f3n avanzada y gesti\u00f3n eficiente para un entorno protegido y controlado.<\/span><\/p><p>El <strong data-start=\"168\" data-end=\"189\">control de acceso<\/strong> es clave para garantizar la seguridad de tu empresa, regulando qui\u00e9n puede ingresar a tus instalaciones y en qu\u00e9 momentos. Con nuestras soluciones avanzadas, podr\u00e1s gestionar y monitorear el acceso de empleados, visitantes y proveedores de forma eficiente.<\/p>\t\t\t\t\t\t\t\t<\/div>\n\t\t\t\t<\/div>\n\t\t\t\t<div class=\"elementor-element elementor-element-2610c6c6 elementor-widget elementor-widget-heading\" data-id=\"2610c6c6\" data-element_type=\"widget\" data-widget_type=\"heading.default\">\n\t\t\t\t<div class=\"elementor-widget-container\">\n\t\t\t\t\t<h5 class=\"elementor-heading-title elementor-size-default\">Marcas que distribuimos:<\/h5>\t\t\t\t<\/div>\n\t\t\t\t<\/div>\n\t\t<div class=\"elementor-element elementor-element-21bbdd1c e-con-full e-flex e-con e-child\" data-id=\"21bbdd1c\" data-element_type=\"container\">\n\t\t\t\t<div class=\"elementor-element elementor-element-5c5e9ae3 elementor-widget__width-initial elementor-widget elementor-widget-image\" data-id=\"5c5e9ae3\" data-element_type=\"widget\" data-widget_type=\"image.default\">\n\t\t\t\t<div class=\"elementor-widget-container\">\n\t\t\t\t\t\t\t\t\t\t\t\t\t\t\t<img fetchpriority=\"high\" decoding=\"async\" width=\"555\" height=\"256\" src=\"https:\/\/test.addabra.com\/opensignal\/wp-content\/uploads\/2025\/03\/axpro.png\" class=\"attachment-full size-full wp-image-1022\" alt=\"\" srcset=\"https:\/\/test.addabra.com\/opensignal\/wp-content\/uploads\/2025\/03\/axpro.png 555w, https:\/\/test.addabra.com\/opensignal\/wp-content\/uploads\/2025\/03\/axpro-300x138.png 300w\" sizes=\"(max-width: 555px) 100vw, 555px\" \/>\t\t\t\t\t\t\t\t\t\t\t\t\t\t\t<\/div>\n\t\t\t\t<\/div>\n\t\t\t\t<\/div>\n\t\t<div class=\"elementor-element elementor-element-5849d95 e-con-full e-flex e-con e-child\" data-id=\"5849d95\" data-element_type=\"container\" data-settings=\"{&quot;background_background&quot;:&quot;classic&quot;}\">\n\t\t\t\t<div class=\"elementor-element elementor-element-76212bb8 elementor-widget__width-inherit elementor-widget elementor-widget-heading\" data-id=\"76212bb8\" data-element_type=\"widget\" data-widget_type=\"heading.default\">\n\t\t\t\t<div class=\"elementor-widget-container\">\n\t\t\t\t\t<h5 class=\"elementor-heading-title elementor-size-default\">Beneficios de nuestro servicio de Control de Acceso<\/h5>\t\t\t\t<\/div>\n\t\t\t\t<\/div>\n\t\t\t\t<div class=\"elementor-element elementor-element-4988bb6 elementor-widget__width-initial elementor-view-default elementor-position-top elementor-mobile-position-top elementor-widget elementor-widget-icon-box\" data-id=\"4988bb6\" data-element_type=\"widget\" data-widget_type=\"icon-box.default\">\n\t\t\t\t<div class=\"elementor-widget-container\">\n\t\t\t\t\t\t\t<div class=\"elementor-icon-box-wrapper\">\n\n\t\t\t\t\t\t<div class=\"elementor-icon-box-icon\">\n\t\t\t\t<span  class=\"elementor-icon\">\n\t\t\t\t<i aria-hidden=\"true\" class=\"jki jki-lock-solid\"><\/i>\t\t\t\t<\/span>\n\t\t\t<\/div>\n\t\t\t\n\t\t\t\t\t\t<div class=\"elementor-icon-box-content\">\n\n\t\t\t\t\t\t\t\t\t<h3 class=\"elementor-icon-box-title\">\n\t\t\t\t\t\t<span  >\n\t\t\t\t\t\t\tMayor seguridad\t\t\t\t\t\t<\/span>\n\t\t\t\t\t<\/h3>\n\t\t\t\t\n\t\t\t\t\t\t\t\t\t<p class=\"elementor-icon-box-description\">\n\t\t\t\t\t\tEvita accesos no autorizados y protege tus activos.\t\t\t\t\t<\/p>\n\t\t\t\t\n\t\t\t<\/div>\n\t\t\t\n\t\t<\/div>\n\t\t\t\t\t\t<\/div>\n\t\t\t\t<\/div>\n\t\t\t\t<div class=\"elementor-element elementor-element-6618679a elementor-widget__width-initial elementor-widget-mobile__width-initial elementor-view-default elementor-position-top elementor-mobile-position-top elementor-widget elementor-widget-icon-box\" data-id=\"6618679a\" data-element_type=\"widget\" data-widget_type=\"icon-box.default\">\n\t\t\t\t<div class=\"elementor-widget-container\">\n\t\t\t\t\t\t\t<div class=\"elementor-icon-box-wrapper\">\n\n\t\t\t\t\t\t<div class=\"elementor-icon-box-icon\">\n\t\t\t\t<span  class=\"elementor-icon\">\n\t\t\t\t<i aria-hidden=\"true\" class=\"jki jki-settings-2-light\"><\/i>\t\t\t\t<\/span>\n\t\t\t<\/div>\n\t\t\t\n\t\t\t\t\t\t<div class=\"elementor-icon-box-content\">\n\n\t\t\t\t\t\t\t\t\t<h3 class=\"elementor-icon-box-title\">\n\t\t\t\t\t\t<span  >\n\t\t\t\t\t\t\tGesti\u00f3n automatizada\t\t\t\t\t\t<\/span>\n\t\t\t\t\t<\/h3>\n\t\t\t\t\n\t\t\t\t\t\t\t\t\t<p class=\"elementor-icon-box-description\">\n\t\t\t\t\t\tControla entradas y salidas en tiempo real.\t\t\t\t\t<\/p>\n\t\t\t\t\n\t\t\t<\/div>\n\t\t\t\n\t\t<\/div>\n\t\t\t\t\t\t<\/div>\n\t\t\t\t<\/div>\n\t\t\t\t<div class=\"elementor-element elementor-element-144f976f elementor-widget__width-initial elementor-widget-mobile__width-initial elementor-view-default elementor-position-top elementor-mobile-position-top elementor-widget elementor-widget-icon-box\" data-id=\"144f976f\" data-element_type=\"widget\" data-widget_type=\"icon-box.default\">\n\t\t\t\t<div class=\"elementor-widget-container\">\n\t\t\t\t\t\t\t<div class=\"elementor-icon-box-wrapper\">\n\n\t\t\t\t\t\t<div class=\"elementor-icon-box-icon\">\n\t\t\t\t<span  class=\"elementor-icon\">\n\t\t\t\t<i aria-hidden=\"true\" class=\"jki jki-Profile-light\"><\/i>\t\t\t\t<\/span>\n\t\t\t<\/div>\n\t\t\t\n\t\t\t\t\t\t<div class=\"elementor-icon-box-content\">\n\n\t\t\t\t\t\t\t\t\t<h3 class=\"elementor-icon-box-title\">\n\t\t\t\t\t\t<span  >\n\t\t\t\t\t\t\tHistorial de accesos\t\t\t\t\t\t<\/span>\n\t\t\t\t\t<\/h3>\n\t\t\t\t\n\t\t\t\t\t\t\t\t\t<p class=\"elementor-icon-box-description\">\n\t\t\t\t\t\tRegistros detallados para auditor\u00eda y reportes.\t\t\t\t\t<\/p>\n\t\t\t\t\n\t\t\t<\/div>\n\t\t\t\n\t\t<\/div>\n\t\t\t\t\t\t<\/div>\n\t\t\t\t<\/div>\n\t\t\t\t<\/div>\n\t\t\t\t<\/div>\n\t\t<div class=\"elementor-element elementor-element-36c9dc48 e-con-full e-flex e-con e-child\" data-id=\"36c9dc48\" data-element_type=\"container\">\n\t\t\t\t<div class=\"elementor-element elementor-element-7543bc01 elementor-widget elementor-widget-heading\" data-id=\"7543bc01\" data-element_type=\"widget\" data-widget_type=\"heading.default\">\n\t\t\t\t<div class=\"elementor-widget-container\">\n\t\t\t\t\t<h2 class=\"elementor-heading-title elementor-size-default\">Otros servicios<\/h2>\t\t\t\t<\/div>\n\t\t\t\t<\/div>\n\t\t\t\t<div class=\"elementor-element elementor-element-b3e14d7 list-services elementor-icon-list--layout-traditional elementor-list-item-link-full_width elementor-widget elementor-widget-icon-list\" data-id=\"b3e14d7\" data-element_type=\"widget\" data-widget_type=\"icon-list.default\">\n\t\t\t\t<div class=\"elementor-widget-container\">\n\t\t\t\t\t\t\t<ul class=\"elementor-icon-list-items\">\n\t\t\t\t\t\t\t<li class=\"elementor-icon-list-item\">\n\t\t\t\t\t\t\t\t\t\t\t<a href=\"https:\/\/test.addabra.com\/opensignal\/index.php\/audio\/\">\n\n\t\t\t\t\t\t\t\t\t\t\t<span class=\"elementor-icon-list-text\">Audio residencial Hi-Fi<\/span>\n\t\t\t\t\t\t\t\t\t\t\t<\/a>\n\t\t\t\t\t\t\t\t\t<\/li>\n\t\t\t\t\t\t\t\t<li class=\"elementor-icon-list-item\">\n\t\t\t\t\t\t\t\t\t\t\t<a href=\"https:\/\/test.addabra.com\/opensignal\/index.php\/bms\/\">\n\n\t\t\t\t\t\t\t\t\t\t\t<span class=\"elementor-icon-list-text\">BMS<\/span>\n\t\t\t\t\t\t\t\t\t\t\t<\/a>\n\t\t\t\t\t\t\t\t\t<\/li>\n\t\t\t\t\t\t\t\t<li class=\"elementor-icon-list-item\">\n\t\t\t\t\t\t\t\t\t\t\t<a href=\"https:\/\/test.addabra.com\/opensignal\/index.php\/deteccion-de-humo\/\">\n\n\t\t\t\t\t\t\t\t\t\t\t<span class=\"elementor-icon-list-text\">Detecci\u00f3n de humo<\/span>\n\t\t\t\t\t\t\t\t\t\t\t<\/a>\n\t\t\t\t\t\t\t\t\t<\/li>\n\t\t\t\t\t\t\t\t<li class=\"elementor-icon-list-item\">\n\t\t\t\t\t\t\t\t\t\t\t<a href=\"https:\/\/test.addabra.com\/opensignal\/index.php\/cctv\/\">\n\n\t\t\t\t\t\t\t\t\t\t\t<span class=\"elementor-icon-list-text\">CCTV<\/span>\n\t\t\t\t\t\t\t\t\t\t\t<\/a>\n\t\t\t\t\t\t\t\t\t<\/li>\n\t\t\t\t\t\t\t\t<li class=\"elementor-icon-list-item\">\n\t\t\t\t\t\t\t\t\t\t\t<a href=\"https:\/\/test.addabra.com\/opensignal\/index.php\/networking\/\">\n\n\t\t\t\t\t\t\t\t\t\t\t<span class=\"elementor-icon-list-text\">Networking<\/span>\n\t\t\t\t\t\t\t\t\t\t\t<\/a>\n\t\t\t\t\t\t\t\t\t<\/li>\n\t\t\t\t\t\t\t\t<li class=\"elementor-icon-list-item\">\n\t\t\t\t\t\t\t\t\t\t\t<a href=\"https:\/\/test.addabra.com\/opensignal\/index.php\/control-de-acceso\/\">\n\n\t\t\t\t\t\t\t\t\t\t\t<span class=\"elementor-icon-list-text\"><span>Control de acceso<\/span><\/span>\n\t\t\t\t\t\t\t\t\t\t\t<\/a>\n\t\t\t\t\t\t\t\t\t<\/li>\n\t\t\t\t\t\t\t\t<li class=\"elementor-icon-list-item\">\n\t\t\t\t\t\t\t\t\t\t\t<a href=\"https:\/\/test.addabra.com\/opensignal\/index.php\/quirofanos-inteligentes\/\">\n\n\t\t\t\t\t\t\t\t\t\t\t<span class=\"elementor-icon-list-text\">Quir\u00f3fanos inteligentes<\/span>\n\t\t\t\t\t\t\t\t\t\t\t<\/a>\n\t\t\t\t\t\t\t\t\t<\/li>\n\t\t\t\t\t\t\t\t<li class=\"elementor-icon-list-item\">\n\t\t\t\t\t\t\t\t\t\t\t<a href=\"https:\/\/test.addabra.com\/opensignal\/index.php\/paciente-enfermera\/\">\n\n\t\t\t\t\t\t\t\t\t\t\t<span class=\"elementor-icon-list-text\"> Paciente enfermera<\/span>\n\t\t\t\t\t\t\t\t\t\t\t<\/a>\n\t\t\t\t\t\t\t\t\t<\/li>\n\t\t\t\t\t\t<\/ul>\n\t\t\t\t\t\t<\/div>\n\t\t\t\t<\/div>\n\t\t\t\t<div class=\"elementor-element elementor-element-dca43e8 elementor-widget elementor-widget-html\" data-id=\"dca43e8\" data-element_type=\"widget\" data-widget_type=\"html.default\">\n\t\t\t\t<div class=\"elementor-widget-container\">\n\t\t\t\t\t<style>\n.list-services .elementor-icon-list-item {\n  padding-right: 20px;\n  padding-left: 20px;\n}\n\n.list-services span {\n  color: #E1670D;\n}\n<\/style>\t\t\t\t<\/div>\n\t\t\t\t<\/div>\n\t\t\t\t<\/div>\n\t\t\t\t\t<\/div>\n\t\t\t\t<\/div>\n\t\t\t\t<\/div>\n\t\t","protected":false},"excerpt":{"rendered":"<p>Control de acceso Reservar una llamada Quiero m\u00e1s informaci\u00f3n Acerca del servicio Nuestro sistema de control de acceso proporciona seguridad confiable, autenticaci\u00f3n avanzada y gesti\u00f3n eficiente para un entorno protegido y controlado. El control de acceso es clave para garantizar la seguridad de tu empresa, regulando qui\u00e9n puede ingresar a tus instalaciones y en qu\u00e9 [&hellip;]<\/p>\n","protected":false},"author":1,"featured_media":0,"parent":0,"menu_order":0,"comment_status":"closed","ping_status":"closed","template":"elementor_header_footer","meta":{"_joinchat":[],"footnotes":""},"class_list":["post-992","page","type-page","status-publish","hentry"],"yoast_head":"<!-- This site is optimized with the Yoast SEO plugin v24.8.1 - https:\/\/yoast.com\/wordpress\/plugins\/seo\/ -->\n<title>Control de acceso - OpenSignal<\/title>\n<meta name=\"robots\" content=\"index, follow, max-snippet:-1, max-image-preview:large, max-video-preview:-1\" \/>\n<link rel=\"canonical\" href=\"https:\/\/test.addabra.com\/opensignal\/index.php\/control-de-acceso\/\" \/>\n<meta property=\"og:locale\" content=\"es_MX\" \/>\n<meta property=\"og:type\" content=\"article\" \/>\n<meta property=\"og:title\" content=\"Control de acceso - OpenSignal\" \/>\n<meta property=\"og:description\" content=\"Control de acceso Reservar una llamada Quiero m\u00e1s informaci\u00f3n Acerca del servicio Nuestro sistema de control de acceso proporciona seguridad confiable, autenticaci\u00f3n avanzada y gesti\u00f3n eficiente para un entorno protegido y controlado. El control de acceso es clave para garantizar la seguridad de tu empresa, regulando qui\u00e9n puede ingresar a tus instalaciones y en qu\u00e9 [&hellip;]\" \/>\n<meta property=\"og:url\" content=\"https:\/\/test.addabra.com\/opensignal\/index.php\/control-de-acceso\/\" \/>\n<meta property=\"og:site_name\" content=\"OpenSignal\" \/>\n<meta property=\"article:modified_time\" content=\"2025-03-05T23:21:00+00:00\" \/>\n<meta property=\"og:image\" content=\"https:\/\/test.addabra.com\/opensignal\/wp-content\/uploads\/2025\/03\/axpro.png\" \/>\n\t<meta property=\"og:image:width\" content=\"555\" \/>\n\t<meta property=\"og:image:height\" content=\"256\" \/>\n\t<meta property=\"og:image:type\" content=\"image\/png\" \/>\n<meta name=\"twitter:card\" content=\"summary_large_image\" \/>\n<meta name=\"twitter:label1\" content=\"Tiempo de lectura\" \/>\n\t<meta name=\"twitter:data1\" content=\"1 minuto\" \/>\n<script type=\"application\/ld+json\" class=\"yoast-schema-graph\">{\"@context\":\"https:\/\/schema.org\",\"@graph\":[{\"@type\":\"WebPage\",\"@id\":\"https:\/\/test.addabra.com\/opensignal\/index.php\/control-de-acceso\/\",\"url\":\"https:\/\/test.addabra.com\/opensignal\/index.php\/control-de-acceso\/\",\"name\":\"Control de acceso - OpenSignal\",\"isPartOf\":{\"@id\":\"https:\/\/test.addabra.com\/opensignal\/#website\"},\"primaryImageOfPage\":{\"@id\":\"https:\/\/test.addabra.com\/opensignal\/index.php\/control-de-acceso\/#primaryimage\"},\"image\":{\"@id\":\"https:\/\/test.addabra.com\/opensignal\/index.php\/control-de-acceso\/#primaryimage\"},\"thumbnailUrl\":\"https:\/\/test.addabra.com\/opensignal\/wp-content\/uploads\/2025\/03\/axpro.png\",\"datePublished\":\"2025-03-05T22:21:32+00:00\",\"dateModified\":\"2025-03-05T23:21:00+00:00\",\"breadcrumb\":{\"@id\":\"https:\/\/test.addabra.com\/opensignal\/index.php\/control-de-acceso\/#breadcrumb\"},\"inLanguage\":\"es\",\"potentialAction\":[{\"@type\":\"ReadAction\",\"target\":[\"https:\/\/test.addabra.com\/opensignal\/index.php\/control-de-acceso\/\"]}]},{\"@type\":\"ImageObject\",\"inLanguage\":\"es\",\"@id\":\"https:\/\/test.addabra.com\/opensignal\/index.php\/control-de-acceso\/#primaryimage\",\"url\":\"https:\/\/test.addabra.com\/opensignal\/wp-content\/uploads\/2025\/03\/axpro.png\",\"contentUrl\":\"https:\/\/test.addabra.com\/opensignal\/wp-content\/uploads\/2025\/03\/axpro.png\",\"width\":555,\"height\":256},{\"@type\":\"BreadcrumbList\",\"@id\":\"https:\/\/test.addabra.com\/opensignal\/index.php\/control-de-acceso\/#breadcrumb\",\"itemListElement\":[{\"@type\":\"ListItem\",\"position\":1,\"name\":\"Inicio\",\"item\":\"https:\/\/test.addabra.com\/opensignal\/\"},{\"@type\":\"ListItem\",\"position\":2,\"name\":\"Control de acceso\"}]},{\"@type\":\"WebSite\",\"@id\":\"https:\/\/test.addabra.com\/opensignal\/#website\",\"url\":\"https:\/\/test.addabra.com\/opensignal\/\",\"name\":\"OpenSignal\",\"description\":\"\",\"potentialAction\":[{\"@type\":\"SearchAction\",\"target\":{\"@type\":\"EntryPoint\",\"urlTemplate\":\"https:\/\/test.addabra.com\/opensignal\/?s={search_term_string}\"},\"query-input\":{\"@type\":\"PropertyValueSpecification\",\"valueRequired\":true,\"valueName\":\"search_term_string\"}}],\"inLanguage\":\"es\"}]}<\/script>\n<!-- \/ Yoast SEO plugin. -->","yoast_head_json":{"title":"Control de acceso - OpenSignal","robots":{"index":"index","follow":"follow","max-snippet":"max-snippet:-1","max-image-preview":"max-image-preview:large","max-video-preview":"max-video-preview:-1"},"canonical":"https:\/\/test.addabra.com\/opensignal\/index.php\/control-de-acceso\/","og_locale":"es_MX","og_type":"article","og_title":"Control de acceso - OpenSignal","og_description":"Control de acceso Reservar una llamada Quiero m\u00e1s informaci\u00f3n Acerca del servicio Nuestro sistema de control de acceso proporciona seguridad confiable, autenticaci\u00f3n avanzada y gesti\u00f3n eficiente para un entorno protegido y controlado. El control de acceso es clave para garantizar la seguridad de tu empresa, regulando qui\u00e9n puede ingresar a tus instalaciones y en qu\u00e9 [&hellip;]","og_url":"https:\/\/test.addabra.com\/opensignal\/index.php\/control-de-acceso\/","og_site_name":"OpenSignal","article_modified_time":"2025-03-05T23:21:00+00:00","og_image":[{"width":555,"height":256,"url":"https:\/\/test.addabra.com\/opensignal\/wp-content\/uploads\/2025\/03\/axpro.png","type":"image\/png"}],"twitter_card":"summary_large_image","twitter_misc":{"Tiempo de lectura":"1 minuto"},"schema":{"@context":"https:\/\/schema.org","@graph":[{"@type":"WebPage","@id":"https:\/\/test.addabra.com\/opensignal\/index.php\/control-de-acceso\/","url":"https:\/\/test.addabra.com\/opensignal\/index.php\/control-de-acceso\/","name":"Control de acceso - OpenSignal","isPartOf":{"@id":"https:\/\/test.addabra.com\/opensignal\/#website"},"primaryImageOfPage":{"@id":"https:\/\/test.addabra.com\/opensignal\/index.php\/control-de-acceso\/#primaryimage"},"image":{"@id":"https:\/\/test.addabra.com\/opensignal\/index.php\/control-de-acceso\/#primaryimage"},"thumbnailUrl":"https:\/\/test.addabra.com\/opensignal\/wp-content\/uploads\/2025\/03\/axpro.png","datePublished":"2025-03-05T22:21:32+00:00","dateModified":"2025-03-05T23:21:00+00:00","breadcrumb":{"@id":"https:\/\/test.addabra.com\/opensignal\/index.php\/control-de-acceso\/#breadcrumb"},"inLanguage":"es","potentialAction":[{"@type":"ReadAction","target":["https:\/\/test.addabra.com\/opensignal\/index.php\/control-de-acceso\/"]}]},{"@type":"ImageObject","inLanguage":"es","@id":"https:\/\/test.addabra.com\/opensignal\/index.php\/control-de-acceso\/#primaryimage","url":"https:\/\/test.addabra.com\/opensignal\/wp-content\/uploads\/2025\/03\/axpro.png","contentUrl":"https:\/\/test.addabra.com\/opensignal\/wp-content\/uploads\/2025\/03\/axpro.png","width":555,"height":256},{"@type":"BreadcrumbList","@id":"https:\/\/test.addabra.com\/opensignal\/index.php\/control-de-acceso\/#breadcrumb","itemListElement":[{"@type":"ListItem","position":1,"name":"Inicio","item":"https:\/\/test.addabra.com\/opensignal\/"},{"@type":"ListItem","position":2,"name":"Control de acceso"}]},{"@type":"WebSite","@id":"https:\/\/test.addabra.com\/opensignal\/#website","url":"https:\/\/test.addabra.com\/opensignal\/","name":"OpenSignal","description":"","potentialAction":[{"@type":"SearchAction","target":{"@type":"EntryPoint","urlTemplate":"https:\/\/test.addabra.com\/opensignal\/?s={search_term_string}"},"query-input":{"@type":"PropertyValueSpecification","valueRequired":true,"valueName":"search_term_string"}}],"inLanguage":"es"}]}},"_links":{"self":[{"href":"https:\/\/test.addabra.com\/opensignal\/index.php\/wp-json\/wp\/v2\/pages\/992","targetHints":{"allow":["GET"]}}],"collection":[{"href":"https:\/\/test.addabra.com\/opensignal\/index.php\/wp-json\/wp\/v2\/pages"}],"about":[{"href":"https:\/\/test.addabra.com\/opensignal\/index.php\/wp-json\/wp\/v2\/types\/page"}],"author":[{"embeddable":true,"href":"https:\/\/test.addabra.com\/opensignal\/index.php\/wp-json\/wp\/v2\/users\/1"}],"replies":[{"embeddable":true,"href":"https:\/\/test.addabra.com\/opensignal\/index.php\/wp-json\/wp\/v2\/comments?post=992"}],"version-history":[{"count":31,"href":"https:\/\/test.addabra.com\/opensignal\/index.php\/wp-json\/wp\/v2\/pages\/992\/revisions"}],"predecessor-version":[{"id":1126,"href":"https:\/\/test.addabra.com\/opensignal\/index.php\/wp-json\/wp\/v2\/pages\/992\/revisions\/1126"}],"wp:attachment":[{"href":"https:\/\/test.addabra.com\/opensignal\/index.php\/wp-json\/wp\/v2\/media?parent=992"}],"curies":[{"name":"wp","href":"https:\/\/api.w.org\/{rel}","templated":true}]}}